{"id":2,"date":"2020-03-19T07:44:50","date_gmt":"2020-03-19T07:44:50","guid":{"rendered":"http:\/\/salvemsabadia.com\/?page_id=2"},"modified":"2023-08-01T09:09:26","modified_gmt":"2023-08-01T07:09:26","slug":"pagina-ejemplo","status":"publish","type":"page","link":"https:\/\/www.salvemsabadia.com\/es\/","title":{"rendered":"Inicio"},"content":{"rendered":"[vc_row type=\u00bbin_container\u00bb full_screen_row_position=\u00bbmiddle\u00bb column_margin=\u00bbdefault\u00bb scene_position=\u00bbcenter\u00bb text_color=\u00bbdark\u00bb text_align=\u00bbleft\u00bb overlay_strength=\u00bb0.3&#8243; shape_divider_position=\u00bbbottom\u00bb bg_image_animation=\u00bbnone\u00bb shape_type=\u00bb\u00bb][vc_column column_padding=\u00bbno-extra-padding\u00bb column_padding_position=\u00bball\u00bb background_color_opacity=\u00bb1&#8243; background_hover_color_opacity=\u00bb1&#8243; column_link_target=\u00bb_self\u00bb column_shadow=\u00bbnone\u00bb column_border_radius=\u00bbnone\u00bb width=\u00bb1\/1&#8243; tablet_width_inherit=\u00bbdefault\u00bb tablet_text_alignment=\u00bbdefault\u00bb phone_text_alignment=\u00bbdefault\u00bb overlay_strength=\u00bb0.3&#8243; column_border_width=\u00bbnone\u00bb column_border_style=\u00bbsolid\u00bb bg_image_animation=\u00bbnone\u00bb]<div  data-transition=\"slide\" data-overall_style=\"classic\" data-flexible-height=\"true\" data-animate-in-effect=\"none\" data-fullscreen=\"true\" data-button-sizing=\"regular\" data-button-styling=\"btn_with_count\" data-autorotate=\"5000\" data-parallax=\"false\" data-parallax-disable-mobile=\"\" data-caption-trans=\"fade_in_from_bottom\" data-parallax-style=\"bg_only\" data-bg-animation=\"none\" data-full-width=\"true\" class=\"nectar-slider-wrap \" id=\"nectar-slider-instance-1\"><div class=\"swiper-container\"  data-tho=\"auto\" data-tco=\"auto\" data-pho=\"auto\" data-pco=\"auto\" data-loop=\"true\" data-height=\"650\" data-min-height=\"\" data-arrows=\"false\" data-bullets=\"true\" data-bullet_style=\"see_through\" data-bullet_position=\"bottom\" data-desktop-swipe=\"true\" data-settings=\"\"> <div class=\"swiper-wrapper\"><div class=\"swiper-slide\" data-desktop-content-width=\"auto\" data-tablet-content-width=\"auto\" data-bg-alignment=\"bottom\" data-color-scheme=\"light\" data-x-pos=\"left\" data-y-pos=\"middle\" ><div class=\"slide-bg-wrap\"><div class=\"image-bg\" style=\"background-image: url(https:\/\/www.salvemsabadia.com\/wp-content\/uploads\/2022\/12\/Angels-Arral-5-1.jpg);\"> &nbsp; <\/div><\/div><div class=\"container\">\n\t\t\t\t\t\t<div class=\"content\"><h2 class=\"ns-heading-el\">Salvem Sa Badia<br>de Portmany<\/h2><\/div>\n\t\t\t\t\t\t\t\t<\/div><!--\/container--><div class=\"video-texture \"> <span class=\"ie-fix\"><\/span> <\/div><\/div> <!--\/swiper-slide--><div class=\"swiper-slide\" data-desktop-content-width=\"auto\" data-tablet-content-width=\"auto\" data-bg-alignment=\"center\" data-color-scheme=\"light\" data-x-pos=\"left\" data-y-pos=\"middle\" ><div class=\"slide-bg-wrap\"><div class=\"image-bg\" style=\"background-image: url(https:\/\/www.salvemsabadia.com\/wp-content\/uploads\/2022\/12\/DSC02726.jpg);\"> &nbsp; <\/div><\/div><div class=\"container\">\n\t\t\t\t\t\t<div class=\"content\"><h2 class=\"ns-heading-el\">Salvem Sa Badia<br>de Portmany<\/h2><\/div>\n\t\t\t\t\t\t\t\t<\/div><!--\/container--><div class=\"video-texture \"> <span class=\"ie-fix\"><\/span> <\/div><\/div> <!--\/swiper-slide--><div class=\"swiper-slide\" data-desktop-content-width=\"auto\" data-tablet-content-width=\"auto\" data-bg-alignment=\"bottom\" data-color-scheme=\"light\" data-x-pos=\"left\" data-y-pos=\"middle\" ><div class=\"slide-bg-wrap\"><div class=\"image-bg\" style=\"background-image: url(https:\/\/www.salvemsabadia.com\/wp-content\/uploads\/2022\/12\/Angels-Arral-7.jpg);\"> &nbsp; <\/div><\/div><div class=\"container\">\n\t\t\t\t\t\t<div class=\"content\"><h2 class=\"ns-heading-el\">Salvem Sa Badia<br>de Portmany<\/h2><\/div>\n\t\t\t\t\t\t\t\t<\/div><!--\/container--><div class=\"video-texture \"> <span class=\"ie-fix\"><\/span> <\/div><\/div> <!--\/swiper-slide--><div class=\"swiper-slide\" data-desktop-content-width=\"auto\" data-tablet-content-width=\"auto\" data-bg-alignment=\"center\" data-color-scheme=\"light\" data-x-pos=\"left\" data-y-pos=\"middle\" ><div class=\"slide-bg-wrap\"><div class=\"image-bg\" style=\"background-image: url(https:\/\/www.salvemsabadia.com\/wp-content\/uploads\/2022\/12\/DJI_0096-1.jpg);\"> &nbsp; <\/div><\/div><div class=\"container\">\n\t\t\t\t\t\t<div class=\"content\"><h2 class=\"ns-heading-el\">Salvem Sa Badia<br>de Portmany<\/h2><\/div>\n\t\t\t\t\t\t\t\t<\/div><!--\/container--><div class=\"video-texture \"> <span class=\"ie-fix\"><\/span> <\/div><\/div> <!--\/swiper-slide--><\/div><div class=\"container normal-container slider-pagination-wrap\"><div class=\"slider-pagination\"><\/div><\/div><div class=\"nectar-slider-loading \"> <span class=\"loading-icon none\">   <\/span> <\/div> <\/div> \n\t\t\t\t\t\n\t\t\t\t\t<\/div>[\/vc_column][\/vc_row][vc_row type=\u00bbin_container\u00bb full_screen_row_position=\u00bbmiddle\u00bb column_margin=\u00bbdefault\u00bb scene_position=\u00bbcenter\u00bb text_color=\u00bbdark\u00bb text_align=\u00bbleft\u00bb top_padding=\u00bb50&#8243; bottom_padding=\u00bb50&#8243; id=\u00bbnoticiashome\u00bb overlay_strength=\u00bb0.3&#8243; shape_divider_position=\u00bbbottom\u00bb bg_image_animation=\u00bbnone\u00bb shape_type=\u00bb\u00bb][vc_column column_padding=\u00bbno-extra-padding\u00bb column_padding_position=\u00bball\u00bb background_color_opacity=\u00bb1&#8243; background_hover_color_opacity=\u00bb1&#8243; column_link_target=\u00bb_self\u00bb column_shadow=\u00bbnone\u00bb column_border_radius=\u00bbnone\u00bb width=\u00bb1\/1&#8243; tablet_width_inherit=\u00bbdefault\u00bb tablet_text_alignment=\u00bbdefault\u00bb phone_text_alignment=\u00bbdefault\u00bb overlay_strength=\u00bb0.3&#8243; column_border_width=\u00bbnone\u00bb column_border_style=\u00bbsolid\u00bb bg_image_animation=\u00bbnone\u00bb][vc_custom_heading text=\u00bbNoticias\u00bb use_theme_fonts=\u00bbyes\u00bb el_class=\u00bbfontwhite\u00bb css=\u00bb.vc_custom_1584614891853{padding-bottom: 40px !important;}\u00bb][recent_posts style=\u00bbdefault\u00bb category=\u00bbdestacado\u00bb columns=\u00bb2&#8243; order=\u00bbDESC\u00bb orderby=\u00bbdate\u00bb blog_remove_post_author=\u00bbtrue\u00bb blog_remove_post_comment_number=\u00bbtrue\u00bb blog_remove_post_nectar_love=\u00bbtrue\u00bb posts_per_page=\u00bb4&#8243;][vc_column_text]\n<p style=\"text-align: right;\"><a href=\"https:\/\/www.salvemsabadia.com\/es\/noticias\/\">Ver m\u00e1s noticias<\/a><\/p>\n[\/vc_column_text][\/vc_column][\/vc_row][vc_row type=\u00bbfull_width_background\u00bb full_screen_row_position=\u00bbmiddle\u00bb column_margin=\u00bbdefault\u00bb bg_image=\u00bb8&#8243; bg_position=\u00bbcenter top\u00bb bg_repeat=\u00bbno-repeat\u00bb full_height=\u00bbyes\u00bb columns_placement=\u00bbtop\u00bb scene_position=\u00bbcenter\u00bb text_color=\u00bbdark\u00bb text_align=\u00bbleft\u00bb id=\u00bbobjetivoshome\u00bb overlay_strength=\u00bb0.3&#8243; shape_divider_position=\u00bbbottom\u00bb bg_image_animation=\u00bbnone\u00bb shape_type=\u00bb\u00bb][vc_column column_padding=\u00bbpadding-15-percent\u00bb column_padding_position=\u00bbtop\u00bb background_color_opacity=\u00bb1&#8243; background_hover_color_opacity=\u00bb1&#8243; column_link_target=\u00bb_self\u00bb column_shadow=\u00bbnone\u00bb column_border_radius=\u00bbnone\u00bb width=\u00bb1\/1&#8243; tablet_width_inherit=\u00bbdefault\u00bb tablet_text_alignment=\u00bbdefault\u00bb phone_text_alignment=\u00bbdefault\u00bb overlay_strength=\u00bb0.3&#8243; column_border_width=\u00bbnone\u00bb column_border_style=\u00bbsolid\u00bb bg_image_animation=\u00bbnone\u00bb][vc_custom_heading text=\u00bbObjetivos\u00bb use_theme_fonts=\u00bbyes\u00bb el_class=\u00bbfontwhitenoborder\u00bb css=\u00bb.vc_custom_1584609727595{padding-bottom: 60px !important;}\u00bb][tabbed_section style=\u00bbminimal_flexible\u00bb tab_color=\u00bbAccent-Color\u00bb icon_size=\u00bb24&#8243;][tab icon_family=\u00bbnone\u00bb title=\u00bb1&#8243; id=\u00bb1690873757196-10&#8243; tab_id=\u00bb1690873757196-9&#8243;][vc_column_text]<strong>AYUDAR <\/strong>a la <strong>recuperaci\u00f3n medioambiental<\/strong> de la bah\u00eda y su <strong>preservaci\u00f3n.<\/strong>[\/vc_column_text][\/tab][tab icon_family=\u00bbnone\u00bb title=\u00bb2&#8243; id=\u00bb1690873757213-9&#8243; tab_id=\u00bb1690873757213-6&#8243;][vc_column_text]<strong>COLABORAR<\/strong> en la <strong>evaluaci\u00f3n<\/strong> y an\u00e1lisis de las <strong>amenazas medioambientales<\/strong> que afectan a la bah\u00eda.[\/vc_column_text][\/tab][tab icon_family=\u00bbnone\u00bb title=\u00bb3&#8243; id=\u00bb1690873757228-7&#8243; tab_id=\u00bb1690873757229-6&#8243;][vc_column_text]<strong>PONER EN MARCHA<\/strong> un proceso de <strong>informaci\u00f3n y concienciaci\u00f3n social<\/strong> sobre la importancia de <strong>conservar <\/strong>y <strong>proteger la bah\u00eda<\/strong>, al ser un elemento clave para la <strong>econom\u00eda local<\/strong> y el <strong>equilibrio natural.<\/strong>[\/vc_column_text][\/tab][tab icon_family=\u00bbnone\u00bb title=\u00bb4&#8243; id=\u00bb1690873757244-1&#8243; tab_id=\u00bb1690873757244-5&#8243;][vc_column_text]<strong>CONSEGUIR <\/strong>la <strong>colaboraci\u00f3n<\/strong>, el <strong>apoyo<\/strong> y la <strong>implicaci\u00f3n<\/strong> de las instituciones, de las empresas y de la sociedad local en la b\u00fasqueda de posibles <strong>soluciones<\/strong> de mejora para nuestra bah\u00eda, con <strong>altura de miras<\/strong>, sin ideolog\u00edas y por el <strong>bien com\u00fan.<\/strong>[\/vc_column_text][\/tab][tab icon_family=\u00bbnone\u00bb title=\u00bb5&#8243; id=\u00bb1690873757254-9&#8243; tab_id=\u00bb1690873757254-2&#8243;][vc_column_text]<strong>PROMOVER<\/strong> la <strong>participaci\u00f3n de entidades cient\u00edficas y docentes<\/strong> para la realizaci\u00f3n de <strong>estudios<\/strong> que permitan conocer mejor <strong>la situaci\u00f3n de la bah\u00eda<\/strong> y elaborar propuestas de <strong>mejora<\/strong> de la calidad medioambiental, adem\u00e1s de realizar un <strong>seguimiento <\/strong>sobre su evoluci\u00f3n.[\/vc_column_text][\/tab][tab icon_family=\u00bbnone\u00bb title=\u00bb6&#8243; id=\u00bb1690873757268-9&#8243; tab_id=\u00bb1690873757268-7&#8243;][vc_column_text]<strong>TRABAJAR<\/strong> para crear <strong>puntos de encuentro<\/strong> y cauces de comunicaci\u00f3n entre <strong>todas las instituciones<\/strong> con competencias en la bah\u00eda y su entorno, al objeto de <strong>unificar <\/strong>acciones.[\/vc_column_text][\/tab][tab icon_family=\u00bbnone\u00bb title=\u00bb7&#8243; id=\u00bb1690873757279-5&#8243; tab_id=\u00bb1690873757279-10&#8243;][vc_column_text]<strong>APOSTAR<\/strong> por la continuidad de la bah\u00eda como un <strong>espacio exclusivamente tur\u00edstico, recreativo, pesquero y deportivo<\/strong>. Un entorno seguro para ba\u00f1istas y deportistas n\u00e1uticos, <strong>libre de ferris y grandes buques con carga rodada<\/strong>, que conviva con la pesca artesanal, la n\u00e1utica de recreo y el actual servicio de excursiones mar\u00edtimas con golondrinas.[\/vc_column_text][\/tab][tab icon_family=\u00bbnone\u00bb title=\u00bb8&#8243; id=\u00bb1690873757294-6&#8243; tab_id=\u00bb1690873757294-10&#8243;][vc_column_text]<strong>IMPULSAR <\/strong>iniciativas que permitan <strong>poner en valor<\/strong> la imagen de la <strong>bah\u00eda<\/strong> y lograr que esta vuelva a ser el principal <strong>reclamo tur\u00edstico<\/strong> del entorno.[\/vc_column_text][\/tab][tab icon_family=\u00bbnone\u00bb title=\u00bb9&#8243; id=\u00bb1690873757305-8&#8243; tab_id=\u00bb1690873757305-8&#8243;][vc_column_text]<strong>LUCHAR<\/strong> por <strong>el equilibrio, el respeto, la sostenibilidad y la convivencia<\/strong>, donde tengan cabida residentes, turistas y empresas junto a la preservaci\u00f3n de nuestro patrimonio natural.[\/vc_column_text][\/tab][tab icon_family=\u00bbnone\u00bb title=\u00bb10&#8243; id=\u00bb1690873757320-8&#8243; tab_id=\u00bb1690873757321-7&#8243;][vc_column_text]<strong>GARANTIZAR EL FUTURO<\/strong> medioambiental de la bah\u00eda como un elemento imprescindible para el mantenimiento de la <strong>calidad de vida<\/strong> y el <strong>progreso social y econ\u00f3mico<\/strong> de toda su \u00e1rea de influencia, <strong>tanto para las generaciones actuales como venideras.<\/strong>[\/vc_column_text][\/tab][\/tabbed_section][\/vc_column][\/vc_row][vc_row type=\u00bbin_container\u00bb full_screen_row_position=\u00bbmiddle\u00bb column_margin=\u00bbdefault\u00bb scene_position=\u00bbcenter\u00bb text_color=\u00bbdark\u00bb text_align=\u00bbleft\u00bb top_padding=\u00bb50&#8243; overlay_strength=\u00bb0.3&#8243; shape_divider_position=\u00bbbottom\u00bb bg_image_animation=\u00bbnone\u00bb shape_type=\u00bb\u00bb][vc_column column_padding=\u00bbno-extra-padding\u00bb column_padding_position=\u00bball\u00bb background_color_opacity=\u00bb1&#8243; background_hover_color_opacity=\u00bb1&#8243; column_link_target=\u00bb_self\u00bb column_shadow=\u00bbnone\u00bb column_border_radius=\u00bbnone\u00bb width=\u00bb1\/1&#8243; tablet_width_inherit=\u00bbdefault\u00bb tablet_text_alignment=\u00bbdefault\u00bb phone_text_alignment=\u00bbdefault\u00bb overlay_strength=\u00bb0.3&#8243; column_border_width=\u00bbnone\u00bb column_border_style=\u00bbsolid\u00bb bg_image_animation=\u00bbnone\u00bb][image_with_animation image_url=\u00bb6&#8243; alignment=\u00bbcenter\u00bb animation=\u00bbFade In\u00bb hover_animation=\u00bbnone\u00bb border_radius=\u00bbnone\u00bb box_shadow=\u00bbnone\u00bb image_loading=\u00bbdefault\u00bb max_width=\u00bb100%\u00bb max_width_mobile=\u00bbdefault\u00bb][\/vc_column][\/vc_row]\n","protected":false},"excerpt":{"rendered":"<p>[vc_row type=\u00bbin_container\u00bb full_screen_row_position=\u00bbmiddle\u00bb column_margin=\u00bbdefault\u00bb scene_position=\u00bbcenter\u00bb text_color=\u00bbdark\u00bb text_align=\u00bbleft\u00bb overlay_strength=\u00bb0.3&#8243; shape_divider_position=\u00bbbottom\u00bb bg_image_animation=\u00bbnone\u00bb shape_type=\u00bb\u00bb][vc_column column_padding=\u00bbno-extra-padding\u00bb column_padding_position=\u00bball\u00bb background_color_opacity=\u00bb1&#8243; background_hover_color_opacity=\u00bb1&#8243; column_link_target=\u00bb_self\u00bb column_shadow=\u00bbnone\u00bb column_border_radius=\u00bbnone\u00bb width=\u00bb1\/1&#8243; tablet_width_inherit=\u00bbdefault\u00bb tablet_text_alignment=\u00bbdefault\u00bb phone_text_alignment=\u00bbdefault\u00bb overlay_strength=\u00bb0.3&#8243; column_border_width=\u00bbnone\u00bb column_border_style=\u00bbsolid\u00bb bg_image_animation=\u00bbnone\u00bb][\/vc_column][\/vc_row][vc_row type=\u00bbin_container\u00bb full_screen_row_position=\u00bbmiddle\u00bb column_margin=\u00bbdefault\u00bb scene_position=\u00bbcenter\u00bb&#8230;<\/p>\n","protected":false},"author":1,"featured_media":0,"parent":0,"menu_order":0,"comment_status":"closed","ping_status":"open","template":"","meta":{"give_campaign_id":0,"footnotes":""},"class_list":["post-2","page","type-page","status-publish"],"yoast_head":"<!-- This site is optimized with the Yoast SEO plugin v26.8 - https:\/\/yoast.com\/product\/yoast-seo-wordpress\/ -->\n<title>Salvem Sa Badia de Portmany<\/title>\n<meta name=\"description\" content=\"\u2018Salvem Sa Badia de Portmany\u2019 es una iniciativa que pretende favorecer la recuperaci\u00f3n medioambiental de la bah\u00eda y su preservaci\u00f3n.\" \/>\n<meta name=\"robots\" content=\"index, follow, max-snippet:-1, max-image-preview:large, max-video-preview:-1\" \/>\n<link rel=\"canonical\" href=\"https:\/\/www.salvemsabadia.com\/es\/\" \/>\n<meta property=\"og:locale\" content=\"es_ES\" \/>\n<meta property=\"og:type\" content=\"article\" \/>\n<meta property=\"og:title\" content=\"Salvem Sa Badia de Portmany\" \/>\n<meta property=\"og:description\" content=\"\u2018Salvem Sa Badia de Portmany\u2019 es una iniciativa que pretende favorecer la recuperaci\u00f3n medioambiental de la bah\u00eda y su preservaci\u00f3n.\" \/>\n<meta property=\"og:url\" content=\"https:\/\/www.salvemsabadia.com\/es\/\" \/>\n<meta property=\"og:site_name\" content=\"Salvem Sa Badia de Portmany\" \/>\n<meta property=\"article:modified_time\" content=\"2023-08-01T07:09:26+00:00\" \/>\n<meta name=\"twitter:card\" content=\"summary_large_image\" \/>\n<meta name=\"twitter:label1\" content=\"Tiempo de lectura\" \/>\n\t<meta name=\"twitter:data1\" content=\"5 minutos\" \/>\n<script type=\"application\/ld+json\" class=\"yoast-schema-graph\">{\"@context\":\"https:\/\/schema.org\",\"@graph\":[{\"@type\":\"WebPage\",\"@id\":\"https:\/\/www.salvemsabadia.com\/es\/\",\"url\":\"https:\/\/www.salvemsabadia.com\/es\/\",\"name\":\"Salvem Sa Badia de Portmany\",\"isPartOf\":{\"@id\":\"https:\/\/www.salvemsabadia.com\/#website\"},\"datePublished\":\"2020-03-19T07:44:50+00:00\",\"dateModified\":\"2023-08-01T07:09:26+00:00\",\"description\":\"\u2018Salvem Sa Badia de Portmany\u2019 es una iniciativa que pretende favorecer la recuperaci\u00f3n medioambiental de la bah\u00eda y su preservaci\u00f3n.\",\"breadcrumb\":{\"@id\":\"https:\/\/www.salvemsabadia.com\/es\/#breadcrumb\"},\"inLanguage\":\"es\",\"potentialAction\":[{\"@type\":\"ReadAction\",\"target\":[\"https:\/\/www.salvemsabadia.com\/es\/\"]}]},{\"@type\":\"BreadcrumbList\",\"@id\":\"https:\/\/www.salvemsabadia.com\/es\/#breadcrumb\",\"itemListElement\":[{\"@type\":\"ListItem\",\"position\":1,\"name\":\"Portada\",\"item\":\"https:\/\/www.salvemsabadia.com\/es\/\"},{\"@type\":\"ListItem\",\"position\":2,\"name\":\"Inicio\"}]},{\"@type\":\"WebSite\",\"@id\":\"https:\/\/www.salvemsabadia.com\/#website\",\"url\":\"https:\/\/www.salvemsabadia.com\/\",\"name\":\"Salvem Sa Badia de Portmany\",\"description\":\"\",\"publisher\":{\"@id\":\"https:\/\/www.salvemsabadia.com\/#organization\"},\"potentialAction\":[{\"@type\":\"SearchAction\",\"target\":{\"@type\":\"EntryPoint\",\"urlTemplate\":\"https:\/\/www.salvemsabadia.com\/?s={search_term_string}\"},\"query-input\":{\"@type\":\"PropertyValueSpecification\",\"valueRequired\":true,\"valueName\":\"search_term_string\"}}],\"inLanguage\":\"es\"},{\"@type\":\"Organization\",\"@id\":\"https:\/\/www.salvemsabadia.com\/#organization\",\"name\":\"Salvem Sa Badia de Portmany\",\"url\":\"https:\/\/www.salvemsabadia.com\/\",\"logo\":{\"@type\":\"ImageObject\",\"inLanguage\":\"es\",\"@id\":\"https:\/\/www.salvemsabadia.com\/#\/schema\/logo\/image\/\",\"url\":\"https:\/\/www.salvemsabadia.com\/wp-content\/uploads\/2020\/03\/logo.png\",\"contentUrl\":\"https:\/\/www.salvemsabadia.com\/wp-content\/uploads\/2020\/03\/logo.png\",\"width\":188,\"height\":151,\"caption\":\"Salvem Sa Badia de Portmany\"},\"image\":{\"@id\":\"https:\/\/www.salvemsabadia.com\/#\/schema\/logo\/image\/\"}}]}<\/script>\n<!-- \/ Yoast SEO plugin. -->","yoast_head_json":{"title":"Salvem Sa Badia de Portmany","description":"\u2018Salvem Sa Badia de Portmany\u2019 es una iniciativa que pretende favorecer la recuperaci\u00f3n medioambiental de la bah\u00eda y su preservaci\u00f3n.","robots":{"index":"index","follow":"follow","max-snippet":"max-snippet:-1","max-image-preview":"max-image-preview:large","max-video-preview":"max-video-preview:-1"},"canonical":"https:\/\/www.salvemsabadia.com\/es\/","og_locale":"es_ES","og_type":"article","og_title":"Salvem Sa Badia de Portmany","og_description":"\u2018Salvem Sa Badia de Portmany\u2019 es una iniciativa que pretende favorecer la recuperaci\u00f3n medioambiental de la bah\u00eda y su preservaci\u00f3n.","og_url":"https:\/\/www.salvemsabadia.com\/es\/","og_site_name":"Salvem Sa Badia de Portmany","article_modified_time":"2023-08-01T07:09:26+00:00","twitter_card":"summary_large_image","twitter_misc":{"Tiempo de lectura":"5 minutos"},"schema":{"@context":"https:\/\/schema.org","@graph":[{"@type":"WebPage","@id":"https:\/\/www.salvemsabadia.com\/es\/","url":"https:\/\/www.salvemsabadia.com\/es\/","name":"Salvem Sa Badia de Portmany","isPartOf":{"@id":"https:\/\/www.salvemsabadia.com\/#website"},"datePublished":"2020-03-19T07:44:50+00:00","dateModified":"2023-08-01T07:09:26+00:00","description":"\u2018Salvem Sa Badia de Portmany\u2019 es una iniciativa que pretende favorecer la recuperaci\u00f3n medioambiental de la bah\u00eda y su preservaci\u00f3n.","breadcrumb":{"@id":"https:\/\/www.salvemsabadia.com\/es\/#breadcrumb"},"inLanguage":"es","potentialAction":[{"@type":"ReadAction","target":["https:\/\/www.salvemsabadia.com\/es\/"]}]},{"@type":"BreadcrumbList","@id":"https:\/\/www.salvemsabadia.com\/es\/#breadcrumb","itemListElement":[{"@type":"ListItem","position":1,"name":"Portada","item":"https:\/\/www.salvemsabadia.com\/es\/"},{"@type":"ListItem","position":2,"name":"Inicio"}]},{"@type":"WebSite","@id":"https:\/\/www.salvemsabadia.com\/#website","url":"https:\/\/www.salvemsabadia.com\/","name":"Salvem Sa Badia de Portmany","description":"","publisher":{"@id":"https:\/\/www.salvemsabadia.com\/#organization"},"potentialAction":[{"@type":"SearchAction","target":{"@type":"EntryPoint","urlTemplate":"https:\/\/www.salvemsabadia.com\/?s={search_term_string}"},"query-input":{"@type":"PropertyValueSpecification","valueRequired":true,"valueName":"search_term_string"}}],"inLanguage":"es"},{"@type":"Organization","@id":"https:\/\/www.salvemsabadia.com\/#organization","name":"Salvem Sa Badia de Portmany","url":"https:\/\/www.salvemsabadia.com\/","logo":{"@type":"ImageObject","inLanguage":"es","@id":"https:\/\/www.salvemsabadia.com\/#\/schema\/logo\/image\/","url":"https:\/\/www.salvemsabadia.com\/wp-content\/uploads\/2020\/03\/logo.png","contentUrl":"https:\/\/www.salvemsabadia.com\/wp-content\/uploads\/2020\/03\/logo.png","width":188,"height":151,"caption":"Salvem Sa Badia de Portmany"},"image":{"@id":"https:\/\/www.salvemsabadia.com\/#\/schema\/logo\/image\/"}}]}},"campaignId":"","_links":{"self":[{"href":"https:\/\/www.salvemsabadia.com\/es\/wp-json\/wp\/v2\/pages\/2","targetHints":{"allow":["GET"]}}],"collection":[{"href":"https:\/\/www.salvemsabadia.com\/es\/wp-json\/wp\/v2\/pages"}],"about":[{"href":"https:\/\/www.salvemsabadia.com\/es\/wp-json\/wp\/v2\/types\/page"}],"author":[{"embeddable":true,"href":"https:\/\/www.salvemsabadia.com\/es\/wp-json\/wp\/v2\/users\/1"}],"replies":[{"embeddable":true,"href":"https:\/\/www.salvemsabadia.com\/es\/wp-json\/wp\/v2\/comments?post=2"}],"version-history":[{"count":0,"href":"https:\/\/www.salvemsabadia.com\/es\/wp-json\/wp\/v2\/pages\/2\/revisions"}],"wp:attachment":[{"href":"https:\/\/www.salvemsabadia.com\/es\/wp-json\/wp\/v2\/media?parent=2"}],"curies":[{"name":"wp","href":"https:\/\/api.w.org\/{rel}","templated":true}]}}