{"id":3941,"date":"2022-08-11T09:23:21","date_gmt":"2022-08-11T07:23:21","guid":{"rendered":"https:\/\/www.salvemsabadia.com\/custodia-marina\/"},"modified":"2022-12-15T09:54:54","modified_gmt":"2022-12-15T08:54:54","slug":"custodia-marina","status":"publish","type":"page","link":"https:\/\/www.salvemsabadia.com\/es\/proyectos\/custodia-marina\/","title":{"rendered":"Custodia marina"},"content":{"rendered":"[vc_row type=\u00bbin_container\u00bb full_screen_row_position=\u00bbmiddle\u00bb column_margin=\u00bbdefault\u00bb scene_position=\u00bbcenter\u00bb text_color=\u00bbdark\u00bb text_align=\u00bbleft\u00bb overlay_strength=\u00bb0.3&#8243; shape_divider_position=\u00bbbottom\u00bb bg_image_animation=\u00bbnone\u00bb][vc_column column_padding=\u00bbno-extra-padding\u00bb column_padding_position=\u00bball\u00bb background_color_opacity=\u00bb1&#8243; background_hover_color_opacity=\u00bb1&#8243; column_link_target=\u00bb_self\u00bb column_shadow=\u00bbnone\u00bb column_border_radius=\u00bbnone\u00bb width=\u00bb1\/1&#8243; tablet_width_inherit=\u00bbdefault\u00bb tablet_text_alignment=\u00bbdefault\u00bb phone_text_alignment=\u00bbdefault\u00bb overlay_strength=\u00bb0.3&#8243; column_border_width=\u00bbnone\u00bb column_border_style=\u00bbsolid\u00bb bg_image_animation=\u00bbnone\u00bb][vc_custom_heading text=\u00bbProyectos\u00bb use_theme_fonts=\u00bbyes\u00bb el_class=\u00bbfontwhite\u00bb][vc_custom_heading text=\u00bbEstim sa Badia: Custodia marina\u00bb font_container=\u00bbtag:h1|font_size:42|text_align:left|color:%23707070|line_height:1.5&#8243; use_theme_fonts=\u00bbyes\u00bb][\/vc_column][\/vc_row][vc_row type=\u00bbin_container\u00bb full_screen_row_position=\u00bbmiddle\u00bb column_margin=\u00bbdefault\u00bb scene_position=\u00bbcenter\u00bb text_color=\u00bbdark\u00bb text_align=\u00bbleft\u00bb top_padding=\u00bb40&#8243; overlay_strength=\u00bb0.3&#8243; shape_divider_position=\u00bbbottom\u00bb bg_image_animation=\u00bbnone\u00bb shape_type=\u00bb\u00bb][vc_column column_padding=\u00bbpadding-2-percent\u00bb column_padding_position=\u00bbright\u00bb background_color_opacity=\u00bb1&#8243; background_hover_color_opacity=\u00bb1&#8243; column_link_target=\u00bb_self\u00bb column_shadow=\u00bbnone\u00bb column_border_radius=\u00bbnone\u00bb width=\u00bb1\/2&#8243; tablet_width_inherit=\u00bbdefault\u00bb tablet_text_alignment=\u00bbdefault\u00bb phone_text_alignment=\u00bbdefault\u00bb overlay_strength=\u00bb0.3&#8243; column_border_width=\u00bbnone\u00bb column_border_style=\u00bbsolid\u00bb bg_image_animation=\u00bbnone\u00bb][vc_column_text]En este proyecto de custodia marina est\u00e1n involucrados los alumnos de los institutos de Quart\u00f3 de Portmany, Sa Serra y Sant Agust\u00ed, y de secundaria del Colegio Sant\u00edsima Trinidad.<\/p>\n<p>La primera edici\u00f3n comenz\u00f3 en septiembre de 2021 y participaron un total de siete grupos de veinte alumnos y siete profesores, bajo la tutor\u00eda de la bi\u00f3loga de Salvem sa Badia.<\/p>\n<p>El proyecto consiste en realizar un seguimiento de la biodiversidad de un tramo de costa, a lo largo de todo el a\u00f1o, realizando actividades de campo en cada estaci\u00f3n. En el primer a\u00f1o se desarrollaron un total de 28 sesiones de campo, con toma de muestras en las playas s\u2019Arenal, es Pinet, s\u2019Estanyol y Cala Graci\u00f3.<\/p>\n<p>Las sesiones de campo se complementan con otras de dinamizaci\u00f3n, con el objetivo de presentar y analizar los resultados obtenidos. Como conclusi\u00f3n de la actividad, se realiza a final de curso la \u2018Trobada de la Biodiversitat\u2019, un evento l\u00fadico-cient\u00edfico en el que los alumnos participantes presentan lo que han aprendido y descubierto.[\/vc_column_text][vc_column_text]Custodia marina es tambi\u00e9n un proyecto de divulgaci\u00f3n y participaci\u00f3n, que persigue la obtenci\u00f3n de una buena base de datos cient\u00edficos, que aporte coherencia y realismo a la b\u00fasqueda de soluciones frente a los desastres ambientales y contribuya a crear una sociedad concienciada y bien relacionada con el medio que la rodea.<\/p>\n<p>La investigaci\u00f3n vinculada a la custodia marina permite la restauraci\u00f3n del medio y la recuperaci\u00f3n de la biodiversidad. Tenemos que eliminar las amenazas de los h\u00e1bitats submarinos y dar un paso en positivo, mejorando y aportando a trav\u00e9s de acciones accesibles para todo el mundo.[\/vc_column_text][\/vc_column][vc_column column_padding=\u00bbpadding-2-percent\u00bb column_padding_position=\u00bbleft\u00bb background_color_opacity=\u00bb1&#8243; background_hover_color_opacity=\u00bb1&#8243; column_link_target=\u00bb_self\u00bb column_shadow=\u00bbnone\u00bb column_border_radius=\u00bbnone\u00bb width=\u00bb1\/2&#8243; tablet_width_inherit=\u00bbdefault\u00bb tablet_text_alignment=\u00bbdefault\u00bb phone_text_alignment=\u00bbdefault\u00bb overlay_strength=\u00bb0.3&#8243; column_border_width=\u00bbnone\u00bb column_border_style=\u00bbsolid\u00bb bg_image_animation=\u00bbnone\u00bb][vc_column_text]Tambi\u00e9n hacer part\u00edcipes a las nuevas generaciones y generar buenos ejemplos de cuidado al medio ambiente en comunidad, poniendo en valor nuestro patrimonio natural y la responsabilidad que tenemos sobre \u00e9l.<\/p>\n<p>Juntos desarrollamos la cohesi\u00f3n social y la cooperaci\u00f3n entre asociaciones, administraciones, centros educativos, investigadores, vecinos, j\u00f3venes, mayores\u2026 Toda la ciudadan\u00eda implicada en la custodia marina y del resto de la bah\u00eda, trabajando para realizar un seguimiento constante, mejorar, curar y, por supuesto, disfrutar del jard\u00edn marino que contiene.[\/vc_column_text][vc_column_text css=\u00bb.vc_custom_1671094164866{padding-top: 20px !important;}\u00bb]<strong>Los objetivos de este proyecto son:<\/strong><\/p>\n<p>1\u00ba) Hacer part\u00edcipes de la conservaci\u00f3n marina a las nuevas generaciones, mediante muestreos cient\u00edficos y <strong>acciones de divulgaci\u00f3n de los valores naturales de la bah\u00eda<\/strong>. Queremos cultivar la \u201ccustodia del territorio\u201d, en este caso la \u201ccustodia de la bah\u00eda\u201d, comenzando por los j\u00f3venes de los institutos, fomentando la pertinencia a un lugar y la responsabilidad individual.<\/p>\n<p>2\u00ba) <strong>Ampliar el conocimiento de los ecosistemas marinos<\/strong> y concienciar sobre la importancia de respetar la biodiversidad y los procesos ecol\u00f3gicos, a trav\u00e9s de la ciencia ciudadana.<\/p>\n<p>3\u00ba) Crear una <strong>mayor cohesi\u00f3n alrededor de la bah\u00eda<\/strong>, as\u00ed como esp\u00edritu y actitud de respeto comunitario, empezando por las nuevas generaciones que ya est\u00e1n cercanas a la vida adulta.<\/p>\n<p>4\u00ba) <strong>Concienciar y crear<\/strong> entre los j\u00f3venes la idea de otro tipo de modelo tur\u00edstico y econ\u00f3mico, y mejorar la informaci\u00f3n y la relaci\u00f3n con el medio ambiente, el mar y la isla.[\/vc_column_text][\/vc_column][\/vc_row][vc_row type=\u00bbin_container\u00bb full_screen_row_position=\u00bbmiddle\u00bb column_margin=\u00bbdefault\u00bb scene_position=\u00bbcenter\u00bb text_color=\u00bbdark\u00bb text_align=\u00bbleft\u00bb top_padding=\u00bb80&#8243; bottom_padding=\u00bb80&#8243; overlay_strength=\u00bb0.3&#8243; shape_divider_position=\u00bbbottom\u00bb bg_image_animation=\u00bbnone\u00bb shape_type=\u00bb\u00bb][vc_column column_padding=\u00bbno-extra-padding\u00bb column_padding_position=\u00bball\u00bb background_color_opacity=\u00bb1&#8243; background_hover_color_opacity=\u00bb1&#8243; column_link_target=\u00bb_self\u00bb column_shadow=\u00bbnone\u00bb column_border_radius=\u00bbnone\u00bb width=\u00bb1\/1&#8243; tablet_width_inherit=\u00bbdefault\u00bb tablet_text_alignment=\u00bbdefault\u00bb phone_text_alignment=\u00bbdefault\u00bb overlay_strength=\u00bb0.3&#8243; column_border_width=\u00bbnone\u00bb column_border_style=\u00bbsolid\u00bb bg_image_animation=\u00bbnone\u00bb][vc_gallery type=\u00bbflickity_static_height_style\u00bb images=\u00bb3347,3360,3356,3358&#8243; flickity_spacing=\u00bbdefault\u00bb flickity_controls=\u00bbpagination\u00bb flickity_overflow=\u00bbhidden\u00bb flickity_wrap_around=\u00bbwrap\u00bb flickity_box_shadow=\u00bbnone\u00bb image_loading=\u00bbdefault\u00bb onclick=\u00bblink_no\u00bb img_size=\u00bbfull\u00bb flickity_img_height=\u00bb800&#8243;][\/vc_column][\/vc_row][vc_row type=\u00bbin_container\u00bb full_screen_row_position=\u00bbmiddle\u00bb column_margin=\u00bbdefault\u00bb scene_position=\u00bbcenter\u00bb text_color=\u00bbdark\u00bb text_align=\u00bbleft\u00bb overlay_strength=\u00bb0.3&#8243; shape_divider_position=\u00bbbottom\u00bb bg_image_animation=\u00bbnone\u00bb shape_type=\u00bb\u00bb][vc_column centered_text=\u00bbtrue\u00bb column_padding=\u00bbno-extra-padding\u00bb column_padding_position=\u00bball\u00bb background_color_opacity=\u00bb1&#8243; background_hover_color_opacity=\u00bb1&#8243; column_link_target=\u00bb_self\u00bb column_shadow=\u00bbnone\u00bb column_border_radius=\u00bbnone\u00bb width=\u00bb1\/1&#8243; tablet_width_inherit=\u00bbdefault\u00bb tablet_text_alignment=\u00bbdefault\u00bb phone_text_alignment=\u00bbdefault\u00bb overlay_strength=\u00bb0.3&#8243; column_border_width=\u00bbnone\u00bb column_border_style=\u00bbsolid\u00bb bg_image_animation=\u00bbnone\u00bb][vc_custom_heading text=\u00bbTrobada de la Biodiversitat\u00bb font_container=\u00bbtag:h2|font_size:42|text_align:center|color:%23707070|line_height:1.5&#8243; use_theme_fonts=\u00bbyes\u00bb css=\u00bb.vc_custom_1671094462603{padding-bottom: 20px !important;}\u00bb el_class=\u00bbh1&#8243;][vc_row_inner column_margin=\u00bbdefault\u00bb text_align=\u00bbleft\u00bb][vc_column_inner column_padding=\u00bbno-extra-padding\u00bb column_padding_position=\u00bball\u00bb background_color_opacity=\u00bb1&#8243; background_hover_color_opacity=\u00bb1&#8243; column_shadow=\u00bbnone\u00bb column_border_radius=\u00bbnone\u00bb column_link_target=\u00bb_self\u00bb width=\u00bb1\/1&#8243; tablet_width_inherit=\u00bbdefault\u00bb overlay_strength=\u00bb0.3&#8243; column_border_width=\u00bbnone\u00bb column_border_style=\u00bbsolid\u00bb bg_image_animation=\u00bbnone\u00bb][vc_column_text max_width=\u00bb1000&#8243;]A final de junio, coincidiendo con el final del curso escolar, los alumnos que participan en el proyecto de Custodia Marina de Salvem sa Badia disfrutan de la Trobada de la Biodiversitat, que se celebra en el Auditorio Cal\u00f3 de s\u2019Oli. Se trata de una gran fiesta con m\u00fasica, clowns, teatro, cine, gymkana con premios y mucha diversi\u00f3n, donde los escolares adem\u00e1s presentan los resultados obtenidos en sus investigaciones. Organiza Salvem Sa Badia de Portmany, en colaboraci\u00f3n con el Ayuntamiento de Sant Josep y el Club N\u00e0utic Sant Antoni.[\/vc_column_text][\/vc_column_inner][\/vc_row_inner][\/vc_column][\/vc_row][vc_row type=\u00bbin_container\u00bb full_screen_row_position=\u00bbmiddle\u00bb column_margin=\u00bbdefault\u00bb scene_position=\u00bbcenter\u00bb text_color=\u00bbdark\u00bb text_align=\u00bbleft\u00bb top_padding=\u00bb20&#8243; bottom_padding=\u00bb80&#8243; overlay_strength=\u00bb0.3&#8243; shape_divider_position=\u00bbbottom\u00bb bg_image_animation=\u00bbnone\u00bb shape_type=\u00bb\u00bb][vc_column column_padding=\u00bbno-extra-padding\u00bb column_padding_position=\u00bball\u00bb background_color_opacity=\u00bb1&#8243; background_hover_color_opacity=\u00bb1&#8243; column_link_target=\u00bb_self\u00bb column_shadow=\u00bbnone\u00bb column_border_radius=\u00bbnone\u00bb width=\u00bb1\/1&#8243; tablet_width_inherit=\u00bbdefault\u00bb tablet_text_alignment=\u00bbdefault\u00bb phone_text_alignment=\u00bbdefault\u00bb overlay_strength=\u00bb0.3&#8243; column_border_width=\u00bbnone\u00bb column_border_style=\u00bbsolid\u00bb bg_image_animation=\u00bbnone\u00bb][vc_gallery type=\u00bbflickity_static_height_style\u00bb images=\u00bb4409,4411&#8243; flickity_spacing=\u00bbdefault\u00bb flickity_controls=\u00bbpagination\u00bb flickity_overflow=\u00bbhidden\u00bb flickity_wrap_around=\u00bbwrap\u00bb flickity_box_shadow=\u00bbnone\u00bb image_loading=\u00bbdefault\u00bb onclick=\u00bblink_no\u00bb img_size=\u00bbfull\u00bb flickity_img_height=\u00bb600&#8243;][\/vc_column][\/vc_row][vc_row type=\u00bbin_container\u00bb full_screen_row_position=\u00bbmiddle\u00bb column_margin=\u00bbdefault\u00bb scene_position=\u00bbcenter\u00bb text_color=\u00bbdark\u00bb text_align=\u00bbleft\u00bb id=\u00bbacation2&#8243; overlay_strength=\u00bb0.3&#8243; shape_divider_position=\u00bbbottom\u00bb bg_image_animation=\u00bbnone\u00bb shape_type=\u00bb\u00bb][vc_column column_padding=\u00bbno-extra-padding\u00bb column_padding_position=\u00bball\u00bb background_color_opacity=\u00bb1&#8243; background_hover_color_opacity=\u00bb1&#8243; column_link_target=\u00bb_self\u00bb column_shadow=\u00bbnone\u00bb column_border_radius=\u00bbnone\u00bb width=\u00bb1\/2&#8243; tablet_width_inherit=\u00bbdefault\u00bb tablet_text_alignment=\u00bbdefault\u00bb phone_text_alignment=\u00bbdefault\u00bb overlay_strength=\u00bb0.3&#8243; column_border_width=\u00bbnone\u00bb column_border_style=\u00bbsolid\u00bb bg_image_animation=\u00bbnone\u00bb][vc_column_text]\n<h2>Ay\u00fadanos a cuidar tu entorno y futuro<\/h2>\n<p>Tu donaci\u00f3n contribuir\u00e1 a conservar la Bah\u00eda de Portmany<\/p>\n<p><a href=\"https:\/\/www.salvemsabadia.com\/en\/donacion\/\">Donar ahora<\/a>[\/vc_column_text][\/vc_column][vc_column column_padding=\u00bbno-extra-padding\u00bb column_padding_position=\u00bball\u00bb background_color_opacity=\u00bb1&#8243; background_hover_color_opacity=\u00bb1&#8243; column_link_target=\u00bb_self\u00bb column_shadow=\u00bbnone\u00bb column_border_radius=\u00bbnone\u00bb width=\u00bb1\/2&#8243; tablet_width_inherit=\u00bbdefault\u00bb tablet_text_alignment=\u00bbdefault\u00bb phone_text_alignment=\u00bbdefault\u00bb overlay_strength=\u00bb0.3&#8243; column_border_width=\u00bbnone\u00bb column_border_style=\u00bbsolid\u00bb bg_image_animation=\u00bbnone\u00bb][vc_column_text]\n<h2>\u00danete a Salvem sa Badia de Portmany<\/h2>\n<p>Contribuir\u00e1s a recuperar y evaluar el territorio y concienciar para protegerlo<\/p>\n<p><a href=\"https:\/\/www.salvemsabadia.com\/es\/socios\/\">Hazte socio<\/a>[\/vc_column_text][\/vc_column][\/vc_row]\n","protected":false},"excerpt":{"rendered":"<p>[vc_row type=\u00bbin_container\u00bb full_screen_row_position=\u00bbmiddle\u00bb column_margin=\u00bbdefault\u00bb scene_position=\u00bbcenter\u00bb text_color=\u00bbdark\u00bb text_align=\u00bbleft\u00bb overlay_strength=\u00bb0.3&#8243; shape_divider_position=\u00bbbottom\u00bb bg_image_animation=\u00bbnone\u00bb][vc_column column_padding=\u00bbno-extra-padding\u00bb column_padding_position=\u00bball\u00bb background_color_opacity=\u00bb1&#8243; background_hover_color_opacity=\u00bb1&#8243; column_link_target=\u00bb_self\u00bb column_shadow=\u00bbnone\u00bb column_border_radius=\u00bbnone\u00bb width=\u00bb1\/1&#8243; tablet_width_inherit=\u00bbdefault\u00bb tablet_text_alignment=\u00bbdefault\u00bb phone_text_alignment=\u00bbdefault\u00bb overlay_strength=\u00bb0.3&#8243; column_border_width=\u00bbnone\u00bb column_border_style=\u00bbsolid\u00bb bg_image_animation=\u00bbnone\u00bb][vc_custom_heading text=\u00bbProyectos\u00bb use_theme_fonts=\u00bbyes\u00bb el_class=\u00bbfontwhite\u00bb][vc_custom_heading text=\u00bbEstim sa&#8230;<\/p>\n","protected":false},"author":1,"featured_media":0,"parent":3944,"menu_order":0,"comment_status":"closed","ping_status":"closed","template":"","meta":{"give_campaign_id":0,"footnotes":""},"class_list":["post-3941","page","type-page","status-publish"],"yoast_head":"<!-- This site is optimized with the Yoast SEO plugin v26.8 - https:\/\/yoast.com\/product\/yoast-seo-wordpress\/ -->\n<title>Custodia marina - Salvem Sa Badia de Portmany<\/title>\n<meta name=\"robots\" content=\"index, follow, max-snippet:-1, max-image-preview:large, max-video-preview:-1\" \/>\n<link rel=\"canonical\" href=\"https:\/\/www.salvemsabadia.com\/projectes\/custodia-marina\/\" \/>\n<meta property=\"og:locale\" content=\"es_ES\" \/>\n<meta property=\"og:type\" content=\"article\" \/>\n<meta property=\"og:title\" content=\"Custodia marina - Salvem Sa Badia de Portmany\" \/>\n<meta property=\"og:description\" content=\"[vc_row type=\u00bbin_container\u00bb full_screen_row_position=\u00bbmiddle\u00bb column_margin=\u00bbdefault\u00bb scene_position=\u00bbcenter\u00bb text_color=\u00bbdark\u00bb text_align=\u00bbleft\u00bb overlay_strength=\u00bb0.3&#8243; shape_divider_position=\u00bbbottom\u00bb bg_image_animation=\u00bbnone\u00bb][vc_column column_padding=\u00bbno-extra-padding\u00bb column_padding_position=\u00bball\u00bb background_color_opacity=\u00bb1&#8243; background_hover_color_opacity=\u00bb1&#8243; column_link_target=\u00bb_self\u00bb column_shadow=\u00bbnone\u00bb column_border_radius=\u00bbnone\u00bb width=\u00bb1\/1&#8243; tablet_width_inherit=\u00bbdefault\u00bb tablet_text_alignment=\u00bbdefault\u00bb phone_text_alignment=\u00bbdefault\u00bb overlay_strength=\u00bb0.3&#8243; column_border_width=\u00bbnone\u00bb column_border_style=\u00bbsolid\u00bb bg_image_animation=\u00bbnone\u00bb][vc_custom_heading text=\u00bbProyectos\u00bb use_theme_fonts=\u00bbyes\u00bb el_class=\u00bbfontwhite\u00bb][vc_custom_heading text=\u00bbEstim sa...\" \/>\n<meta property=\"og:url\" content=\"https:\/\/www.salvemsabadia.com\/projectes\/custodia-marina\/\" \/>\n<meta property=\"og:site_name\" content=\"Salvem Sa Badia de Portmany\" \/>\n<meta property=\"article:modified_time\" content=\"2022-12-15T08:54:54+00:00\" \/>\n<meta name=\"twitter:card\" content=\"summary_large_image\" \/>\n<meta name=\"twitter:label1\" content=\"Tiempo de lectura\" \/>\n\t<meta name=\"twitter:data1\" content=\"4 minutos\" \/>\n<script type=\"application\/ld+json\" class=\"yoast-schema-graph\">{\"@context\":\"https:\/\/schema.org\",\"@graph\":[{\"@type\":\"WebPage\",\"@id\":\"https:\/\/www.salvemsabadia.com\/projectes\/custodia-marina\/\",\"url\":\"https:\/\/www.salvemsabadia.com\/projectes\/custodia-marina\/\",\"name\":\"Custodia marina - Salvem Sa Badia de Portmany\",\"isPartOf\":{\"@id\":\"https:\/\/www.salvemsabadia.com\/#website\"},\"datePublished\":\"2022-08-11T07:23:21+00:00\",\"dateModified\":\"2022-12-15T08:54:54+00:00\",\"breadcrumb\":{\"@id\":\"https:\/\/www.salvemsabadia.com\/projectes\/custodia-marina\/#breadcrumb\"},\"inLanguage\":\"es\",\"potentialAction\":[{\"@type\":\"ReadAction\",\"target\":[\"https:\/\/www.salvemsabadia.com\/projectes\/custodia-marina\/\"]}]},{\"@type\":\"BreadcrumbList\",\"@id\":\"https:\/\/www.salvemsabadia.com\/projectes\/custodia-marina\/#breadcrumb\",\"itemListElement\":[{\"@type\":\"ListItem\",\"position\":1,\"name\":\"Portada\",\"item\":\"https:\/\/www.salvemsabadia.com\/es\/\"},{\"@type\":\"ListItem\",\"position\":2,\"name\":\"Proyectos\",\"item\":\"https:\/\/www.salvemsabadia.com\/projectes\/\"},{\"@type\":\"ListItem\",\"position\":3,\"name\":\"Custodia marina\"}]},{\"@type\":\"WebSite\",\"@id\":\"https:\/\/www.salvemsabadia.com\/#website\",\"url\":\"https:\/\/www.salvemsabadia.com\/\",\"name\":\"Salvem Sa Badia de Portmany\",\"description\":\"\",\"publisher\":{\"@id\":\"https:\/\/www.salvemsabadia.com\/#organization\"},\"potentialAction\":[{\"@type\":\"SearchAction\",\"target\":{\"@type\":\"EntryPoint\",\"urlTemplate\":\"https:\/\/www.salvemsabadia.com\/?s={search_term_string}\"},\"query-input\":{\"@type\":\"PropertyValueSpecification\",\"valueRequired\":true,\"valueName\":\"search_term_string\"}}],\"inLanguage\":\"es\"},{\"@type\":\"Organization\",\"@id\":\"https:\/\/www.salvemsabadia.com\/#organization\",\"name\":\"Salvem Sa Badia de Portmany\",\"url\":\"https:\/\/www.salvemsabadia.com\/\",\"logo\":{\"@type\":\"ImageObject\",\"inLanguage\":\"es\",\"@id\":\"https:\/\/www.salvemsabadia.com\/#\/schema\/logo\/image\/\",\"url\":\"https:\/\/www.salvemsabadia.com\/wp-content\/uploads\/2020\/03\/logo.png\",\"contentUrl\":\"https:\/\/www.salvemsabadia.com\/wp-content\/uploads\/2020\/03\/logo.png\",\"width\":188,\"height\":151,\"caption\":\"Salvem Sa Badia de Portmany\"},\"image\":{\"@id\":\"https:\/\/www.salvemsabadia.com\/#\/schema\/logo\/image\/\"}}]}<\/script>\n<!-- \/ Yoast SEO plugin. -->","yoast_head_json":{"title":"Custodia marina - Salvem Sa Badia de Portmany","robots":{"index":"index","follow":"follow","max-snippet":"max-snippet:-1","max-image-preview":"max-image-preview:large","max-video-preview":"max-video-preview:-1"},"canonical":"https:\/\/www.salvemsabadia.com\/projectes\/custodia-marina\/","og_locale":"es_ES","og_type":"article","og_title":"Custodia marina - Salvem Sa Badia de Portmany","og_description":"[vc_row type=\u00bbin_container\u00bb full_screen_row_position=\u00bbmiddle\u00bb column_margin=\u00bbdefault\u00bb scene_position=\u00bbcenter\u00bb text_color=\u00bbdark\u00bb text_align=\u00bbleft\u00bb overlay_strength=\u00bb0.3&#8243; shape_divider_position=\u00bbbottom\u00bb bg_image_animation=\u00bbnone\u00bb][vc_column column_padding=\u00bbno-extra-padding\u00bb column_padding_position=\u00bball\u00bb background_color_opacity=\u00bb1&#8243; background_hover_color_opacity=\u00bb1&#8243; column_link_target=\u00bb_self\u00bb column_shadow=\u00bbnone\u00bb column_border_radius=\u00bbnone\u00bb width=\u00bb1\/1&#8243; tablet_width_inherit=\u00bbdefault\u00bb tablet_text_alignment=\u00bbdefault\u00bb phone_text_alignment=\u00bbdefault\u00bb overlay_strength=\u00bb0.3&#8243; column_border_width=\u00bbnone\u00bb column_border_style=\u00bbsolid\u00bb bg_image_animation=\u00bbnone\u00bb][vc_custom_heading text=\u00bbProyectos\u00bb use_theme_fonts=\u00bbyes\u00bb el_class=\u00bbfontwhite\u00bb][vc_custom_heading text=\u00bbEstim sa...","og_url":"https:\/\/www.salvemsabadia.com\/projectes\/custodia-marina\/","og_site_name":"Salvem Sa Badia de Portmany","article_modified_time":"2022-12-15T08:54:54+00:00","twitter_card":"summary_large_image","twitter_misc":{"Tiempo de lectura":"4 minutos"},"schema":{"@context":"https:\/\/schema.org","@graph":[{"@type":"WebPage","@id":"https:\/\/www.salvemsabadia.com\/projectes\/custodia-marina\/","url":"https:\/\/www.salvemsabadia.com\/projectes\/custodia-marina\/","name":"Custodia marina - Salvem Sa Badia de Portmany","isPartOf":{"@id":"https:\/\/www.salvemsabadia.com\/#website"},"datePublished":"2022-08-11T07:23:21+00:00","dateModified":"2022-12-15T08:54:54+00:00","breadcrumb":{"@id":"https:\/\/www.salvemsabadia.com\/projectes\/custodia-marina\/#breadcrumb"},"inLanguage":"es","potentialAction":[{"@type":"ReadAction","target":["https:\/\/www.salvemsabadia.com\/projectes\/custodia-marina\/"]}]},{"@type":"BreadcrumbList","@id":"https:\/\/www.salvemsabadia.com\/projectes\/custodia-marina\/#breadcrumb","itemListElement":[{"@type":"ListItem","position":1,"name":"Portada","item":"https:\/\/www.salvemsabadia.com\/es\/"},{"@type":"ListItem","position":2,"name":"Proyectos","item":"https:\/\/www.salvemsabadia.com\/projectes\/"},{"@type":"ListItem","position":3,"name":"Custodia marina"}]},{"@type":"WebSite","@id":"https:\/\/www.salvemsabadia.com\/#website","url":"https:\/\/www.salvemsabadia.com\/","name":"Salvem Sa Badia de Portmany","description":"","publisher":{"@id":"https:\/\/www.salvemsabadia.com\/#organization"},"potentialAction":[{"@type":"SearchAction","target":{"@type":"EntryPoint","urlTemplate":"https:\/\/www.salvemsabadia.com\/?s={search_term_string}"},"query-input":{"@type":"PropertyValueSpecification","valueRequired":true,"valueName":"search_term_string"}}],"inLanguage":"es"},{"@type":"Organization","@id":"https:\/\/www.salvemsabadia.com\/#organization","name":"Salvem Sa Badia de Portmany","url":"https:\/\/www.salvemsabadia.com\/","logo":{"@type":"ImageObject","inLanguage":"es","@id":"https:\/\/www.salvemsabadia.com\/#\/schema\/logo\/image\/","url":"https:\/\/www.salvemsabadia.com\/wp-content\/uploads\/2020\/03\/logo.png","contentUrl":"https:\/\/www.salvemsabadia.com\/wp-content\/uploads\/2020\/03\/logo.png","width":188,"height":151,"caption":"Salvem Sa Badia de Portmany"},"image":{"@id":"https:\/\/www.salvemsabadia.com\/#\/schema\/logo\/image\/"}}]}},"campaignId":"","_links":{"self":[{"href":"https:\/\/www.salvemsabadia.com\/es\/wp-json\/wp\/v2\/pages\/3941","targetHints":{"allow":["GET"]}}],"collection":[{"href":"https:\/\/www.salvemsabadia.com\/es\/wp-json\/wp\/v2\/pages"}],"about":[{"href":"https:\/\/www.salvemsabadia.com\/es\/wp-json\/wp\/v2\/types\/page"}],"author":[{"embeddable":true,"href":"https:\/\/www.salvemsabadia.com\/es\/wp-json\/wp\/v2\/users\/1"}],"replies":[{"embeddable":true,"href":"https:\/\/www.salvemsabadia.com\/es\/wp-json\/wp\/v2\/comments?post=3941"}],"version-history":[{"count":0,"href":"https:\/\/www.salvemsabadia.com\/es\/wp-json\/wp\/v2\/pages\/3941\/revisions"}],"up":[{"embeddable":true,"href":"https:\/\/www.salvemsabadia.com\/es\/wp-json\/wp\/v2\/pages\/3944"}],"wp:attachment":[{"href":"https:\/\/www.salvemsabadia.com\/es\/wp-json\/wp\/v2\/media?parent=3941"}],"curies":[{"name":"wp","href":"https:\/\/api.w.org\/{rel}","templated":true}]}}