{"id":4023,"date":"2022-07-28T11:18:47","date_gmt":"2022-07-28T09:18:47","guid":{"rendered":"https:\/\/www.salvemsabadia.com\/terminos-y-condiciones-de-la-asociacion\/"},"modified":"2022-07-28T11:18:47","modified_gmt":"2022-07-28T09:18:47","slug":"terminos-y-condiciones-de-la-asociacion","status":"publish","type":"page","link":"https:\/\/www.salvemsabadia.com\/es\/terminos-y-condiciones-de-la-asociacion\/","title":{"rendered":"T\u00e9rminos y condiciones de la asociaci\u00f3n"},"content":{"rendered":"[vc_row type=\u00bbin_container\u00bb full_screen_row_position=\u00bbmiddle\u00bb column_margin=\u00bbdefault\u00bb scene_position=\u00bbcenter\u00bb text_color=\u00bbdark\u00bb text_align=\u00bbleft\u00bb overlay_strength=\u00bb0.3&#8243; shape_divider_position=\u00bbbottom\u00bb bg_image_animation=\u00bbnone\u00bb][vc_column column_padding=\u00bbno-extra-padding\u00bb column_padding_position=\u00bball\u00bb background_color_opacity=\u00bb1&#8243; background_hover_color_opacity=\u00bb1&#8243; column_link_target=\u00bb_self\u00bb column_shadow=\u00bbnone\u00bb column_border_radius=\u00bbnone\u00bb width=\u00bb1\/1&#8243; tablet_width_inherit=\u00bbdefault\u00bb tablet_text_alignment=\u00bbdefault\u00bb phone_text_alignment=\u00bbdefault\u00bb overlay_strength=\u00bb0.3&#8243; column_border_width=\u00bbnone\u00bb column_border_style=\u00bbsolid\u00bb bg_image_animation=\u00bbnone\u00bb][vc_custom_heading source=\u00bbpost_title\u00bb font_container=\u00bbtag:h1|font_size:40|text_align:left|line_height:2&#8243; use_theme_fonts=\u00bbyes\u00bb][\/vc_column][\/vc_row][vc_row type=\u00bbin_container\u00bb full_screen_row_position=\u00bbmiddle\u00bb column_margin=\u00bbdefault\u00bb scene_position=\u00bbcenter\u00bb text_color=\u00bbdark\u00bb text_align=\u00bbleft\u00bb overlay_strength=\u00bb0.3&#8243; shape_divider_position=\u00bbbottom\u00bb bg_image_animation=\u00bbnone\u00bb][vc_column column_padding=\u00bbno-extra-padding\u00bb column_padding_position=\u00bball\u00bb background_color_opacity=\u00bb1&#8243; background_hover_color_opacity=\u00bb1&#8243; column_link_target=\u00bb_self\u00bb column_shadow=\u00bbnone\u00bb column_border_radius=\u00bbnone\u00bb width=\u00bb1\/1&#8243; tablet_width_inherit=\u00bbdefault\u00bb tablet_text_alignment=\u00bbdefault\u00bb phone_text_alignment=\u00bbdefault\u00bb overlay_strength=\u00bb0.3&#8243; column_border_width=\u00bbnone\u00bb column_border_style=\u00bbsolid\u00bb bg_image_animation=\u00bbnone\u00bb][vc_column_text]\n<h2>Identificaci\u00f3n de la Asociaci\u00f3n<\/h2>\n<p>Asociaci\u00f3n Salvem Sa Badia de Portmany<br \/>\nC\/ ample 13 planta 1<br \/>\n07820 Sant Antoni de Portmany<br \/>\nIlles Balears<br \/>\nNIF: G-10546968<br \/>\nInscrita en el Registro de Asociaciones de Las Islas Baleares el 29 de julio de 2022 con el n\u00famero 311000011354<\/p>\n<p>Contactar con la asociaci\u00f3n: +34 682 12 08 35 \/ <a href=\"mailto:salvemsabadia@gmail.com\">salvemsabadia@gmail.com<\/a>, <a href=\"mailto:salvemsabadiadeportmany@gmail.com\">salvemsabadiadeportmany@gmail.com<\/a>, <a href=\"mailto:estimsabadia@gmail.com\">estimsabadia@gmail.com<\/a>,[\/vc_column_text][vc_column_text]\n<h2>Aspectos generales<\/h2>\n<p>Los siguientes t\u00e9rminos y condiciones se aplican a todos los pedidos realizados por el cliente (en adelante, \u00abUsted\u00bb) a Asociaci\u00f3n Salvem sa badia de Portmany, G-10546968 (en adelante \u00abSalvem Sa Badia de Portmany SSBP\u00bb, \u00abnosotros\u00bb o \u00abnuestro\u00bb), a trav\u00e9s del sitio web de Salvem Sa Bad\u00eda de Portmany, sitio web m\u00f3vil (en conjunto referidos como salvemsabadia.com\u00bb).<\/p>\n<p>Al utilizar salvemsabadia.com y\/o realizar un pedido, acepta vincularse a los t\u00e9rminos y condiciones establecidos en el presente documento (los \u00abT\u00e9rminos\u00bb). Por favor, aseg\u00farese de haber le\u00eddo y comprendido los T\u00e9rminos antes de realizar su pedido.<\/p>\n<p>Los pedidos podr\u00e1n ser realizados \u00fanicamente por personas f\u00edsicas con 18 a\u00f1os como m\u00ednimo, no tuteladas, si podr\u00e1n ser en calidad de empresa o sociedad, con una direcci\u00f3n postal que corresponda al territorio espa\u00f1ol.<\/p>\n<p>La inclusi\u00f3n de cualquier producto o servicio en salvemsabadia.com en un momento dado no implica ni garantiza que dicho producto o servicio est\u00e9 disponible en cualquier momento. Nos reservamos el derecho de interrumpir la continuidad de un producto en cualquier momento.<\/p>\n<p>Nos reservamos el derecho de modificar estos T\u00e9rminos ocasionalmente sin previo aviso a usted. La versi\u00f3n de los T\u00e9rminos que se aplicar\u00e1 a su pedido ser\u00e1 la existente en salvemsabadia.com en el momento de realizar el pedido.<\/p>\n<p>Salvemsabadia.com, desea ofrecer la mejor experiencia online posible. Para ello, necesitamos asegurarnos de que nuestro servicio va como la seda. Usted entiende y est\u00e1 de acuerdo en no<\/p>\n<ul>\n<li aria-level=\"1\">Publicar, transmitir, redistribuir, subir ni promocionar ninguna comunicaci\u00f3n o contenido que pueda da\u00f1ar o afectar negativamente a nuestros productos o servicios.<\/li>\n<li aria-level=\"1\">Actuar de modo alguno ni emplear ning\u00fan dispositivo que restrinja, perjudique, interfiera o limite a cualquier otro usuario del uso o disfrute del sitio de salvemsabadia.com, o que afecte a la seguridad del sitio.<\/li>\n<li aria-level=\"1\">Asimismo, tampoco emplear\u00e1 ning\u00fan dispositivo ni intentar\u00e1 utilizar ning\u00fan motor, software, herramienta, agente, script u otro dispositivo o mecanismo (incluyendo a modo enunciativo: ara\u00f1as, robots inform\u00e1ticos, rastreadores, avatares o agentes inteligentes) para navegar o buscar en el sitio web, o para copiar contenido del sitio web. Nos reservamos el derecho al acceso inmediato al sitio pudiendo cerrar la cuenta de cualquier usuario que infrinja esta cl\u00e1usula o cualquier otra disposici\u00f3n de los presentes t\u00e9rminos y condiciones.<\/li>\n<\/ul>\n[\/vc_column_text][vc_column_text]\n<h2>Precios<\/h2>\n<p>Los precios mostrados en salvemsabadia.com incluyen el impuesto sobre el valor a\u00f1adido (IVA) obligatorio.<\/p>\n<p>Los precios pueden variar sin previo aviso, siempre se mantendr\u00e1n para cada pedido el correspondiente a la fecha de compra.[\/vc_column_text][vc_column_text]\n<h2>Pedido \/ conclusi\u00f3n del contrato<\/h2>\n<p>Una vez realizado su pedido, recibir\u00e1 un correo electr\u00f3nico de confirmaci\u00f3n. Si por alg\u00fan motivo no pudi\u00e9ramos completar su pedido, le informar\u00edamos a la mayor brevedad posible. Si ya hemos recibido el pago de dicho pedido, intentaremos reembolsarle la cantidad aplicable siguiendo el mismo m\u00e9todo utilizado al realizar el pago. Si, por alg\u00fan motivo, se precisasen ajustes alternativos, se lo notificar\u00edamos pidi\u00e9ndole que contacte con nosotros para tramitar el reembolso.[\/vc_column_text][vc_column_text]\n<h2>Entrega<\/h2>\n<p>La Asociaci\u00f3n Salvem Sa Badia de Portmany realiza env\u00edos en Espa\u00f1a, Andorra o en las Islas Baleares. Para env\u00edos fuera de estas localizaciones puede contactar con Salvemsabadia.com y ver\u00edamos la posibilidad excepcional de realizar la entrega.<\/p>\n<p>Nuestro objetivo es realizar las entregas 2-4 d\u00edas laborables, una vez confirmado un pedido. Aunque tratamos de entregar los pedidos conforme al per\u00edodo de tiempo comunicado, la entrega puede demorarse debido a situaciones inesperadas. En el caso improbable de que el tiempo de entrega sea superior a 30 d\u00edas, tendr\u00e1 derecho a cancelar su pedido.<\/p>\n<p>Antes de que realice su pedido, le informaremos de los datos de entrega esperados. Una vez realizado el pedido, recibir\u00e1 un correo electr\u00f3nico de confirmaci\u00f3n con los datos de entrega esperados.<\/p>\n<p>Si su pedido no llega en la fecha programada, por favor contacte con salvemsabadia.com, via email <a href=\"mailto:salvemsabadiadeportmany@gmail.com\">salvemsabadiadeportmany@gmail.com<\/a> o tel\u00e9fono +34682120835.[\/vc_column_text][vc_column_text]\n<h2>Anulaci\u00f3n del pedido<\/h2>\n<p>Usted podr\u00e1 cancelar o devolver su pedido desde la fecha de realizaci\u00f3n del mismo hasta 30 d\u00edas despu\u00e9s recibir\u00e1 un reembolso.<\/p>\n<p>Si desea cancelar o devolver su pedido, por favor notif\u00edquenoslo por correo electr\u00f3nico a salvemsabadiadeportmany@gmail.com o rellenando y envi\u00e1ndonos el formulario est\u00e1ndar expedido por su autoridad local de derechos del consumidor; en cualesquiera de los casos, el art\u00edculo (o art\u00edculos) se devolver\u00e1 seg\u00fan se establece en la secci\u00f3n 6 (Devoluciones) a continuaci\u00f3n, en un plazo no superior a 30 d\u00edas como especifica la secci\u00f3n 5.1 anterior. Tramitaremos el reembolso intentando seguir el mismo m\u00e9todo utilizado al realizar el pago tan pronto como sea posible y no m\u00e1s tarde de 14 d\u00edas desde la notificaci\u00f3n de la cancelaci\u00f3n, siempre que hayamos recibido los art\u00edculos o alguna evidencia de que nos los ha devuelto. Se podr\u00e1 utilizar otro m\u00e9todo de pago para la devoluci\u00f3n siempre que usted d\u00e9 su consentimiento para dicho cambio; sin que ello suponga ning\u00fan gasto adicional.[\/vc_column_text][vc_column_text]\n<h2>Devoluciones<\/h2>\n<p>Salvem sa bad\u00eda de Portmany, garantiza el reembolso \u00edntegro de la compra, de acuerdo con el apartado 5 (Anulaci\u00f3n del pedido),<\/p>\n<p>Nuestro departamento de ventas le dar\u00e1 instrucciones para realizar la devoluci\u00f3n.[\/vc_column_text][vc_column_text]\n<h2>Formas de pago<\/h2>\n<p>Puede pagar sus art\u00edculos mediante Tarjeta de cr\u00e9dito o Tarjeta de d\u00e9bito en vigor (ya sea VISA o Mastercard). La gesti\u00f3n del cobro se realizar\u00e1 mediante la Plataforma segura de <a href=\"https:\/\/pagosonline.redsys.es\/\">Redsys<\/a>.[\/vc_column_text][vc_column_text]\n<h2>Nuestra responsabilidad<\/h2>\n<p>Nada de lo expresado en estos T\u00e9rminos excluir\u00e1 o limitar\u00e1 la responsabilidad de Salvem sa Badia de Portmany respecto a cualquier asunto en el que ser\u00eda ilegal para nosotros limitar o excluir nuestra responsabilidad.<\/p>\n<p>Salvem sa Badia de Portmany no se responsabilizar\u00e1 de las p\u00e9rdidas indirectas entendidas como un efecto secundario de la p\u00e9rdida o da\u00f1o principal, como la p\u00e9rdida de beneficios o la p\u00e9rdida de oportunidades; ni de no entregar las mercanc\u00edas o de no cumplir alguna de nuestras obligaciones conforme a estos T\u00e9rminos siempre que dicho incumplimiento se deba a una situaci\u00f3n que est\u00e9 fuera de nuestro control razonable, lo cual incluye a modo enunciativo, incendios, inundaciones, tormentas, vandalismo, disturbios sociales, guerras, accidentes nucleares o actividades terroristas.<\/p>\n<p>La responsabilidad m\u00e1xima que asumimos ante usted por cualquier p\u00e9rdida o da\u00f1o en relaci\u00f3n con su pedido en Salvem sa Badia de Portmany se limitar\u00e1 al precio total de su pedido.<\/p>\n<p>Ante cualquier problema con un producto de Salvem sa Badia de Portmany adquirido online, y si no conseguimos resolver la reclamaci\u00f3n formulada a Salvem Sa Badia de Portmany, entonces puede enviar la queja a la plataforma de resoluci\u00f3n de conflictos online en la UE (denominada \u00abplataforma ODR\u00bb).<\/p>\n<p>Dicha plataforma ODR ofrece a consumidores y comerciantes dentro de la UE la posibilidad de poder llegar a un acuerdo mutuo extrajudicial en respuesta a las quejas surgidas de compras online. Este \u00fanico punto de entrada se ha dise\u00f1ado a modo de p\u00e1gina web interactiva y f\u00e1cil de utilizar, disponible en todos los idiomas oficiales de la UE y es totalmente gratuito. Al utilizar la plataforma ODR, el consumidor y el comerciante pueden encontrar un organismo de resoluci\u00f3n de conflictos y as\u00ed iniciar la b\u00fasqueda de una soluci\u00f3n a la queja del cliente. La plataforma ODR est\u00e1 disponible aqu\u00ed: <a href=\"http:\/\/ec.europa.eu\/odr\">http:\/\/ec.europa.eu\/odr<\/a>.[\/vc_column_text][vc_column_text]\n<h2>Cesi\u00f3n<\/h2>\n<p>Salvem sa Badia de Portmany, se reserva el derecho de cesi\u00f3n o pignoraci\u00f3n de los pagos que deban realizarse y que surjan en relaci\u00f3n con la entrega de la mercanc\u00eda, incluyendo cualquier gasto debido a terceras partes. [\/vc_column_text][vc_column_text]\n<h2>Inscripciones a Salvem sa Badia de Portmany<\/h2>\n<p>Si se va a inscribir en alguna o todas las etapas de Salvem sa badia de Portmany de este a\u00f1o, tiene que hacerlo tras haber le\u00eddo, entendido y aceptado los <a href=\"https:\/\/www.salvemsabadia.com\/estatutos-de-la-asociacion-salvem-sa-badia-de-portmany\/\">Acuerdos y Estatutos de la Asociaci\u00f3n<\/a>, antes, durante o tras haber realizado su inscripci\u00f3n se le pedir\u00e1 tambi\u00e9n que complete y acepte el <a href=\"https:\/\/ladesbanda.es\/consentimiento-informado\/\">Consentimiento Informado<\/a> y si inscribe a un\/una menor tendr\u00e1 que rellenar la <a href=\"https:\/\/ladesbanda.es\/autorizacion-menores\/\">Autorizaci\u00f3n para el\/la menor<\/a>, estos documentos son imprescindibles para realizar la marcha.<\/p>\n<p>Salvem sa Badia de Portmany se reserva el derecho de negar la participaci\u00f3n a socios que en la fecha de inicio no hayan completado este requisito.[\/vc_column_text][vc_column_text]\n<h2>Segregaci\u00f3n<\/h2>\n<p>Si un tribunal u organismo regulador desaprueba o entiende que alguna parte de estos T\u00e9rminos y Condiciones no es efectiva, el resto de T\u00e9rminos y Condiciones seguir\u00e1 en vigencia.[\/vc_column_text][\/vc_column][\/vc_row]\n","protected":false},"excerpt":{"rendered":"<p>[vc_row type=\u00bbin_container\u00bb full_screen_row_position=\u00bbmiddle\u00bb column_margin=\u00bbdefault\u00bb scene_position=\u00bbcenter\u00bb text_color=\u00bbdark\u00bb text_align=\u00bbleft\u00bb overlay_strength=\u00bb0.3&#8243; shape_divider_position=\u00bbbottom\u00bb bg_image_animation=\u00bbnone\u00bb][vc_column column_padding=\u00bbno-extra-padding\u00bb column_padding_position=\u00bball\u00bb background_color_opacity=\u00bb1&#8243; background_hover_color_opacity=\u00bb1&#8243; column_link_target=\u00bb_self\u00bb column_shadow=\u00bbnone\u00bb column_border_radius=\u00bbnone\u00bb width=\u00bb1\/1&#8243; tablet_width_inherit=\u00bbdefault\u00bb tablet_text_alignment=\u00bbdefault\u00bb phone_text_alignment=\u00bbdefault\u00bb overlay_strength=\u00bb0.3&#8243; column_border_width=\u00bbnone\u00bb column_border_style=\u00bbsolid\u00bb bg_image_animation=\u00bbnone\u00bb][vc_custom_heading source=\u00bbpost_title\u00bb font_container=\u00bbtag:h1|font_size:40|text_align:left|line_height:2&#8243; use_theme_fonts=\u00bbyes\u00bb][\/vc_column][\/vc_row][vc_row type=\u00bbin_container\u00bb full_screen_row_position=\u00bbmiddle\u00bb&#8230;<\/p>\n","protected":false},"author":1,"featured_media":0,"parent":0,"menu_order":0,"comment_status":"closed","ping_status":"closed","template":"","meta":{"give_campaign_id":0,"footnotes":""},"class_list":["post-4023","page","type-page","status-publish"],"yoast_head":"<!-- This site is optimized with the Yoast SEO plugin v26.8 - https:\/\/yoast.com\/product\/yoast-seo-wordpress\/ -->\n<title>T\u00e9rminos y condiciones de la asociaci\u00f3n - Salvem Sa Badia de Portmany<\/title>\n<meta name=\"robots\" content=\"index, follow, max-snippet:-1, max-image-preview:large, max-video-preview:-1\" \/>\n<link rel=\"canonical\" href=\"https:\/\/www.salvemsabadia.com\/terminos-y-condiciones-de-la-asociacion\/\" \/>\n<meta property=\"og:locale\" content=\"es_ES\" \/>\n<meta property=\"og:type\" content=\"article\" \/>\n<meta property=\"og:title\" content=\"T\u00e9rminos y condiciones de la asociaci\u00f3n - Salvem Sa Badia de Portmany\" \/>\n<meta property=\"og:description\" content=\"[vc_row type=\u00bbin_container\u00bb full_screen_row_position=\u00bbmiddle\u00bb column_margin=\u00bbdefault\u00bb scene_position=\u00bbcenter\u00bb text_color=\u00bbdark\u00bb text_align=\u00bbleft\u00bb overlay_strength=\u00bb0.3&#8243; shape_divider_position=\u00bbbottom\u00bb bg_image_animation=\u00bbnone\u00bb][vc_column column_padding=\u00bbno-extra-padding\u00bb column_padding_position=\u00bball\u00bb background_color_opacity=\u00bb1&#8243; background_hover_color_opacity=\u00bb1&#8243; column_link_target=\u00bb_self\u00bb column_shadow=\u00bbnone\u00bb column_border_radius=\u00bbnone\u00bb width=\u00bb1\/1&#8243; tablet_width_inherit=\u00bbdefault\u00bb tablet_text_alignment=\u00bbdefault\u00bb phone_text_alignment=\u00bbdefault\u00bb overlay_strength=\u00bb0.3&#8243; column_border_width=\u00bbnone\u00bb column_border_style=\u00bbsolid\u00bb bg_image_animation=\u00bbnone\u00bb][vc_custom_heading source=\u00bbpost_title\u00bb font_container=\u00bbtag:h1|font_size:40|text_align:left|line_height:2&#8243; use_theme_fonts=\u00bbyes\u00bb][\/vc_column][\/vc_row][vc_row type=\u00bbin_container\u00bb full_screen_row_position=\u00bbmiddle\u00bb...\" \/>\n<meta property=\"og:url\" content=\"https:\/\/www.salvemsabadia.com\/terminos-y-condiciones-de-la-asociacion\/\" \/>\n<meta property=\"og:site_name\" content=\"Salvem Sa Badia de Portmany\" \/>\n<meta name=\"twitter:card\" content=\"summary_large_image\" \/>\n<meta name=\"twitter:label1\" content=\"Tiempo de lectura\" \/>\n\t<meta name=\"twitter:data1\" content=\"7 minutos\" \/>\n<script type=\"application\/ld+json\" class=\"yoast-schema-graph\">{\"@context\":\"https:\/\/schema.org\",\"@graph\":[{\"@type\":\"WebPage\",\"@id\":\"https:\/\/www.salvemsabadia.com\/terminos-y-condiciones-de-la-asociacion\/\",\"url\":\"https:\/\/www.salvemsabadia.com\/terminos-y-condiciones-de-la-asociacion\/\",\"name\":\"T\u00e9rminos y condiciones de la asociaci\u00f3n - Salvem Sa Badia de Portmany\",\"isPartOf\":{\"@id\":\"https:\/\/www.salvemsabadia.com\/#website\"},\"datePublished\":\"2022-07-28T09:18:47+00:00\",\"breadcrumb\":{\"@id\":\"https:\/\/www.salvemsabadia.com\/terminos-y-condiciones-de-la-asociacion\/#breadcrumb\"},\"inLanguage\":\"es\",\"potentialAction\":[{\"@type\":\"ReadAction\",\"target\":[\"https:\/\/www.salvemsabadia.com\/terminos-y-condiciones-de-la-asociacion\/\"]}]},{\"@type\":\"BreadcrumbList\",\"@id\":\"https:\/\/www.salvemsabadia.com\/terminos-y-condiciones-de-la-asociacion\/#breadcrumb\",\"itemListElement\":[{\"@type\":\"ListItem\",\"position\":1,\"name\":\"Portada\",\"item\":\"https:\/\/www.salvemsabadia.com\/es\/\"},{\"@type\":\"ListItem\",\"position\":2,\"name\":\"T\u00e9rminos y condiciones de la asociaci\u00f3n\"}]},{\"@type\":\"WebSite\",\"@id\":\"https:\/\/www.salvemsabadia.com\/#website\",\"url\":\"https:\/\/www.salvemsabadia.com\/\",\"name\":\"Salvem Sa Badia de Portmany\",\"description\":\"\",\"publisher\":{\"@id\":\"https:\/\/www.salvemsabadia.com\/#organization\"},\"potentialAction\":[{\"@type\":\"SearchAction\",\"target\":{\"@type\":\"EntryPoint\",\"urlTemplate\":\"https:\/\/www.salvemsabadia.com\/?s={search_term_string}\"},\"query-input\":{\"@type\":\"PropertyValueSpecification\",\"valueRequired\":true,\"valueName\":\"search_term_string\"}}],\"inLanguage\":\"es\"},{\"@type\":\"Organization\",\"@id\":\"https:\/\/www.salvemsabadia.com\/#organization\",\"name\":\"Salvem Sa Badia de Portmany\",\"url\":\"https:\/\/www.salvemsabadia.com\/\",\"logo\":{\"@type\":\"ImageObject\",\"inLanguage\":\"es\",\"@id\":\"https:\/\/www.salvemsabadia.com\/#\/schema\/logo\/image\/\",\"url\":\"https:\/\/www.salvemsabadia.com\/wp-content\/uploads\/2020\/03\/logo.png\",\"contentUrl\":\"https:\/\/www.salvemsabadia.com\/wp-content\/uploads\/2020\/03\/logo.png\",\"width\":188,\"height\":151,\"caption\":\"Salvem Sa Badia de Portmany\"},\"image\":{\"@id\":\"https:\/\/www.salvemsabadia.com\/#\/schema\/logo\/image\/\"}}]}<\/script>\n<!-- \/ Yoast SEO plugin. -->","yoast_head_json":{"title":"T\u00e9rminos y condiciones de la asociaci\u00f3n - Salvem Sa Badia de Portmany","robots":{"index":"index","follow":"follow","max-snippet":"max-snippet:-1","max-image-preview":"max-image-preview:large","max-video-preview":"max-video-preview:-1"},"canonical":"https:\/\/www.salvemsabadia.com\/terminos-y-condiciones-de-la-asociacion\/","og_locale":"es_ES","og_type":"article","og_title":"T\u00e9rminos y condiciones de la asociaci\u00f3n - Salvem Sa Badia de Portmany","og_description":"[vc_row type=\u00bbin_container\u00bb full_screen_row_position=\u00bbmiddle\u00bb column_margin=\u00bbdefault\u00bb scene_position=\u00bbcenter\u00bb text_color=\u00bbdark\u00bb text_align=\u00bbleft\u00bb overlay_strength=\u00bb0.3&#8243; shape_divider_position=\u00bbbottom\u00bb bg_image_animation=\u00bbnone\u00bb][vc_column column_padding=\u00bbno-extra-padding\u00bb column_padding_position=\u00bball\u00bb background_color_opacity=\u00bb1&#8243; background_hover_color_opacity=\u00bb1&#8243; column_link_target=\u00bb_self\u00bb column_shadow=\u00bbnone\u00bb column_border_radius=\u00bbnone\u00bb width=\u00bb1\/1&#8243; tablet_width_inherit=\u00bbdefault\u00bb tablet_text_alignment=\u00bbdefault\u00bb phone_text_alignment=\u00bbdefault\u00bb overlay_strength=\u00bb0.3&#8243; column_border_width=\u00bbnone\u00bb column_border_style=\u00bbsolid\u00bb bg_image_animation=\u00bbnone\u00bb][vc_custom_heading source=\u00bbpost_title\u00bb font_container=\u00bbtag:h1|font_size:40|text_align:left|line_height:2&#8243; use_theme_fonts=\u00bbyes\u00bb][\/vc_column][\/vc_row][vc_row type=\u00bbin_container\u00bb full_screen_row_position=\u00bbmiddle\u00bb...","og_url":"https:\/\/www.salvemsabadia.com\/terminos-y-condiciones-de-la-asociacion\/","og_site_name":"Salvem Sa Badia de Portmany","twitter_card":"summary_large_image","twitter_misc":{"Tiempo de lectura":"7 minutos"},"schema":{"@context":"https:\/\/schema.org","@graph":[{"@type":"WebPage","@id":"https:\/\/www.salvemsabadia.com\/terminos-y-condiciones-de-la-asociacion\/","url":"https:\/\/www.salvemsabadia.com\/terminos-y-condiciones-de-la-asociacion\/","name":"T\u00e9rminos y condiciones de la asociaci\u00f3n - Salvem Sa Badia de Portmany","isPartOf":{"@id":"https:\/\/www.salvemsabadia.com\/#website"},"datePublished":"2022-07-28T09:18:47+00:00","breadcrumb":{"@id":"https:\/\/www.salvemsabadia.com\/terminos-y-condiciones-de-la-asociacion\/#breadcrumb"},"inLanguage":"es","potentialAction":[{"@type":"ReadAction","target":["https:\/\/www.salvemsabadia.com\/terminos-y-condiciones-de-la-asociacion\/"]}]},{"@type":"BreadcrumbList","@id":"https:\/\/www.salvemsabadia.com\/terminos-y-condiciones-de-la-asociacion\/#breadcrumb","itemListElement":[{"@type":"ListItem","position":1,"name":"Portada","item":"https:\/\/www.salvemsabadia.com\/es\/"},{"@type":"ListItem","position":2,"name":"T\u00e9rminos y condiciones de la asociaci\u00f3n"}]},{"@type":"WebSite","@id":"https:\/\/www.salvemsabadia.com\/#website","url":"https:\/\/www.salvemsabadia.com\/","name":"Salvem Sa Badia de Portmany","description":"","publisher":{"@id":"https:\/\/www.salvemsabadia.com\/#organization"},"potentialAction":[{"@type":"SearchAction","target":{"@type":"EntryPoint","urlTemplate":"https:\/\/www.salvemsabadia.com\/?s={search_term_string}"},"query-input":{"@type":"PropertyValueSpecification","valueRequired":true,"valueName":"search_term_string"}}],"inLanguage":"es"},{"@type":"Organization","@id":"https:\/\/www.salvemsabadia.com\/#organization","name":"Salvem Sa Badia de Portmany","url":"https:\/\/www.salvemsabadia.com\/","logo":{"@type":"ImageObject","inLanguage":"es","@id":"https:\/\/www.salvemsabadia.com\/#\/schema\/logo\/image\/","url":"https:\/\/www.salvemsabadia.com\/wp-content\/uploads\/2020\/03\/logo.png","contentUrl":"https:\/\/www.salvemsabadia.com\/wp-content\/uploads\/2020\/03\/logo.png","width":188,"height":151,"caption":"Salvem Sa Badia de Portmany"},"image":{"@id":"https:\/\/www.salvemsabadia.com\/#\/schema\/logo\/image\/"}}]}},"campaignId":"","_links":{"self":[{"href":"https:\/\/www.salvemsabadia.com\/es\/wp-json\/wp\/v2\/pages\/4023","targetHints":{"allow":["GET"]}}],"collection":[{"href":"https:\/\/www.salvemsabadia.com\/es\/wp-json\/wp\/v2\/pages"}],"about":[{"href":"https:\/\/www.salvemsabadia.com\/es\/wp-json\/wp\/v2\/types\/page"}],"author":[{"embeddable":true,"href":"https:\/\/www.salvemsabadia.com\/es\/wp-json\/wp\/v2\/users\/1"}],"replies":[{"embeddable":true,"href":"https:\/\/www.salvemsabadia.com\/es\/wp-json\/wp\/v2\/comments?post=4023"}],"version-history":[{"count":0,"href":"https:\/\/www.salvemsabadia.com\/es\/wp-json\/wp\/v2\/pages\/4023\/revisions"}],"wp:attachment":[{"href":"https:\/\/www.salvemsabadia.com\/es\/wp-json\/wp\/v2\/media?parent=4023"}],"curies":[{"name":"wp","href":"https:\/\/api.w.org\/{rel}","templated":true}]}}