{"id":4390,"date":"2022-12-15T09:03:41","date_gmt":"2022-12-15T08:03:41","guid":{"rendered":"https:\/\/www.salvemsabadia.com\/?page_id=4390"},"modified":"2022-12-15T09:03:41","modified_gmt":"2022-12-15T08:03:41","slug":"buceadores-voluntarios","status":"publish","type":"page","link":"https:\/\/www.salvemsabadia.com\/es\/proyectos\/buceadores-voluntarios\/","title":{"rendered":"Buceadores voluntarios"},"content":{"rendered":"[vc_row type=\u00bbin_container\u00bb full_screen_row_position=\u00bbmiddle\u00bb column_margin=\u00bbdefault\u00bb scene_position=\u00bbcenter\u00bb text_color=\u00bbdark\u00bb text_align=\u00bbleft\u00bb overlay_strength=\u00bb0.3&#8243; shape_divider_position=\u00bbbottom\u00bb bg_image_animation=\u00bbnone\u00bb][vc_column column_padding=\u00bbno-extra-padding\u00bb column_padding_position=\u00bball\u00bb background_color_opacity=\u00bb1&#8243; background_hover_color_opacity=\u00bb1&#8243; column_link_target=\u00bb_self\u00bb column_shadow=\u00bbnone\u00bb column_border_radius=\u00bbnone\u00bb width=\u00bb1\/1&#8243; tablet_width_inherit=\u00bbdefault\u00bb tablet_text_alignment=\u00bbdefault\u00bb phone_text_alignment=\u00bbdefault\u00bb overlay_strength=\u00bb0.3&#8243; column_border_width=\u00bbnone\u00bb column_border_style=\u00bbsolid\u00bb bg_image_animation=\u00bbnone\u00bb][vc_custom_heading text=\u00bbProyectos\u00bb use_theme_fonts=\u00bbyes\u00bb el_class=\u00bbfontwhite\u00bb][vc_custom_heading text=\u00bbEstim sa Badia: Buceadores voluntarios\u00bb font_container=\u00bbtag:h1|font_size:42|text_align:left|color:%23707070|line_height:1.5&#8243; use_theme_fonts=\u00bbyes\u00bb][\/vc_column][\/vc_row][vc_row type=\u00bbin_container\u00bb full_screen_row_position=\u00bbmiddle\u00bb column_margin=\u00bbdefault\u00bb scene_position=\u00bbcenter\u00bb text_color=\u00bbdark\u00bb text_align=\u00bbleft\u00bb top_padding=\u00bb40&#8243; overlay_strength=\u00bb0.3&#8243; shape_divider_position=\u00bbbottom\u00bb bg_image_animation=\u00bbnone\u00bb shape_type=\u00bb\u00bb][vc_column column_padding=\u00bbpadding-2-percent\u00bb column_padding_position=\u00bbright\u00bb background_color_opacity=\u00bb1&#8243; background_hover_color_opacity=\u00bb1&#8243; column_link_target=\u00bb_self\u00bb column_shadow=\u00bbnone\u00bb column_border_radius=\u00bbnone\u00bb width=\u00bb1\/2&#8243; tablet_width_inherit=\u00bbdefault\u00bb tablet_text_alignment=\u00bbdefault\u00bb phone_text_alignment=\u00bbdefault\u00bb overlay_strength=\u00bb0.3&#8243; column_border_width=\u00bbnone\u00bb column_border_style=\u00bbsolid\u00bb bg_image_animation=\u00bbnone\u00bb][vc_column_text]<strong>Salvem sa Badia de Portmany<\/strong>, en coordinaci\u00f3n con el <strong>Govern balear<\/strong> y la colaboraci\u00f3n del <a href=\"https:\/\/www.santjosep.org\/es\/\" target=\"_blank\" rel=\"noopener\">Ayuntamiento de Sant Josep<\/a> y <strong>Arenal Diving<\/strong>, ha creado un nuevo equipo de buceadores voluntarios con el objetivo de impulsar la<strong> Xarxa de Monitoratge de la Posid\u00f2nia de les Illes Balears<\/strong>, en Ibiza.<\/p>\n<p>Esta red de monitorizaci\u00f3n de las praderas de posidonia la puso en marcha la <strong>Direcci\u00f3n General de Pesca y Medio Marino del Govern balear<\/strong> en 2002, con financiaci\u00f3n europea y la colaboraci\u00f3n del <strong>Instituto Mediterr\u00e1neo de Estudios Avanzados<\/strong> (IMEDEA). Tras cinco a\u00f1os paralizado (2012-2017), el proyecto se retom\u00f3 gracias a los fondos del <strong>Impuesto de Turismo Sostenible.<\/strong><\/p>\n<p>Esta iniciativa fue concebida para conocer el estado de salud de las praderas y encontrar f\u00f3rmulas adecuadas para gestionar su conservaci\u00f3n. Sus principales objetivos son evaluar el estado actual de las praderas, monitorizando su evoluci\u00f3n, y concienciar a la poblaci\u00f3n sobre los problemas que afectan al Mediterr\u00e1neo y la importancia de conservar las praderas marinas para mantener el equilibrio biol\u00f3gico y la biodiversidad.<\/p>\n<p>El equipo de buceadores voluntarios est\u00e1 operativo y lo organiza la <strong>bi\u00f3loga de Salvem sa Badia<\/strong> Elisa Langley, en coordinaci\u00f3n con el equipo de la empresa p\u00fablica Tragsa, que gestiona <strong>Xarxa Posid\u00f2nia por encargo del Servicio de Protecci\u00f3n de Especies de la Conselleria de Medio Ambiente y Territorio<\/strong>. Uno de los grandes retos que afronta Ibiza es la ampliaci\u00f3n del n\u00famero de estaciones de muestreo que integran la red y que en las Piti\u00fcses es muy bajo. En el momento de la creaci\u00f3n de este nuevo equipo de buceadores voluntarios, solo exist\u00edan dos estaciones en Ibiza y otras dos en Formentera, frente a las m\u00e1s de treinta de Menorca y las m\u00e1s de veinte de Mallorca.[\/vc_column_text][\/vc_column][vc_column column_padding=\u00bbpadding-2-percent\u00bb column_padding_position=\u00bbleft\u00bb background_color_opacity=\u00bb1&#8243; background_hover_color_opacity=\u00bb1&#8243; column_link_target=\u00bb_self\u00bb column_shadow=\u00bbnone\u00bb column_border_radius=\u00bbnone\u00bb width=\u00bb1\/2&#8243; tablet_width_inherit=\u00bbdefault\u00bb tablet_text_alignment=\u00bbdefault\u00bb phone_text_alignment=\u00bbdefault\u00bb overlay_strength=\u00bb0.3&#8243; column_border_width=\u00bbnone\u00bb column_border_style=\u00bbsolid\u00bb bg_image_animation=\u00bbnone\u00bb][vc_column_text]<strong>El Ayuntamiento de Sant Josep<\/strong> se ha sumado a la iniciativa, cubriendo los gastos necesarios derivados de las operaciones de seguimiento de la posidonia y adem\u00e1s incorporar\u00e1 a la red la informaci\u00f3n que ha recopilado a trav\u00e9s de los recientes estudios realizados sobre las praderas de <strong>posidonia de Porroig, Cala d\u2019Hort y Cala Vedella.<\/strong><\/p>\n<p>El grupo de voluntarios inici\u00f3 sus actividades en el verano de 2022, recuperando la <strong>estaci\u00f3n de es Vedr\u00e0<\/strong>, a la que no se hab\u00eda acudido desde 2012, y creando otra estaci\u00f3n de seguimiento en <strong>Cala Graci\u00f3<\/strong>. Tambi\u00e9n se trabaja en la integraci\u00f3n de m\u00e1s voluntarios en el equipo y en desarrollar dos nuevos puntos de estudio en la bah\u00eda y otros en la isla de Ibiza.<\/p>\n<p>La iniciativa encaja en el objetivo n\u00famero 5 de Salvem Sa Badia de Portmany, donde se apuesta por promover la participaci\u00f3n de entidades cient\u00edficas y docentes para la realizaci\u00f3n de estudios que permitan conocer mejor la situaci\u00f3n de la bah\u00eda y elaborar propuestas de mejora de su calidad medioambiental.<\/p>\n<p><strong>Los interesados<\/strong> en formar parte de este equipo de voluntarios deben <strong>disponer de alguna titulaci\u00f3n en buceo y disponer de seguro<\/strong> para la pr\u00e1ctica de esta actividad.<\/p>\n<p>M\u00e1s informaci\u00f3n a trav\u00e9s de email (<a href=\"mailto:estimsabadia@gmail.com\" target=\"_blank\" rel=\"noopener\">estimsabadia@gmail.com<\/a>) y WhatsApp (<a href=\"https:\/\/api.whatsapp.com\/send\/?phone=34682120835&amp;text&amp;type=phone_number&amp;app_absent=0\" target=\"_blank\" rel=\"noopener\">+34 682 120 835<\/a>).[\/vc_column_text][\/vc_column][\/vc_row][vc_row type=\u00bbin_container\u00bb full_screen_row_position=\u00bbmiddle\u00bb column_margin=\u00bbdefault\u00bb scene_position=\u00bbcenter\u00bb text_color=\u00bbdark\u00bb text_align=\u00bbleft\u00bb top_padding=\u00bb80&#8243; bottom_padding=\u00bb80&#8243; overlay_strength=\u00bb0.3&#8243; shape_divider_position=\u00bbbottom\u00bb bg_image_animation=\u00bbnone\u00bb shape_type=\u00bb\u00bb][vc_column column_padding=\u00bbno-extra-padding\u00bb column_padding_position=\u00bball\u00bb background_color_opacity=\u00bb1&#8243; background_hover_color_opacity=\u00bb1&#8243; column_link_target=\u00bb_self\u00bb column_shadow=\u00bbnone\u00bb column_border_radius=\u00bbnone\u00bb width=\u00bb1\/1&#8243; tablet_width_inherit=\u00bbdefault\u00bb tablet_text_alignment=\u00bbdefault\u00bb phone_text_alignment=\u00bbdefault\u00bb overlay_strength=\u00bb0.3&#8243; column_border_width=\u00bbnone\u00bb column_border_style=\u00bbsolid\u00bb bg_image_animation=\u00bbnone\u00bb][vc_gallery type=\u00bbflickity_static_height_style\u00bb images=\u00bb4391,4393,4395,4397&#8243; flickity_spacing=\u00bbdefault\u00bb flickity_controls=\u00bbpagination\u00bb flickity_overflow=\u00bbhidden\u00bb flickity_wrap_around=\u00bbwrap\u00bb flickity_box_shadow=\u00bbnone\u00bb image_loading=\u00bbdefault\u00bb onclick=\u00bblink_no\u00bb img_size=\u00bbfull\u00bb flickity_img_height=\u00bb800&#8243;][\/vc_column][\/vc_row][vc_row type=\u00bbin_container\u00bb full_screen_row_position=\u00bbmiddle\u00bb column_margin=\u00bbdefault\u00bb scene_position=\u00bbcenter\u00bb text_color=\u00bbdark\u00bb text_align=\u00bbleft\u00bb id=\u00bbacation2&#8243; overlay_strength=\u00bb0.3&#8243; shape_divider_position=\u00bbbottom\u00bb bg_image_animation=\u00bbnone\u00bb shape_type=\u00bb\u00bb][vc_column column_padding=\u00bbno-extra-padding\u00bb column_padding_position=\u00bball\u00bb background_color_opacity=\u00bb1&#8243; background_hover_color_opacity=\u00bb1&#8243; column_link_target=\u00bb_self\u00bb column_shadow=\u00bbnone\u00bb column_border_radius=\u00bbnone\u00bb width=\u00bb1\/2&#8243; tablet_width_inherit=\u00bbdefault\u00bb tablet_text_alignment=\u00bbdefault\u00bb phone_text_alignment=\u00bbdefault\u00bb overlay_strength=\u00bb0.3&#8243; column_border_width=\u00bbnone\u00bb column_border_style=\u00bbsolid\u00bb bg_image_animation=\u00bbnone\u00bb][vc_column_text]\n<h2>Ay\u00fadanos a cuidar tu entorno y futuro<\/h2>\n<p>Tu donaci\u00f3n contribuir\u00e1 a conservar la Bah\u00eda de Portmany<\/p>\n<p><a href=\"https:\/\/www.salvemsabadia.com\/es\/donacion\/\">Donar ahora<\/a>[\/vc_column_text][\/vc_column][vc_column column_padding=\u00bbno-extra-padding\u00bb column_padding_position=\u00bball\u00bb background_color_opacity=\u00bb1&#8243; background_hover_color_opacity=\u00bb1&#8243; column_link_target=\u00bb_self\u00bb column_shadow=\u00bbnone\u00bb column_border_radius=\u00bbnone\u00bb width=\u00bb1\/2&#8243; tablet_width_inherit=\u00bbdefault\u00bb tablet_text_alignment=\u00bbdefault\u00bb phone_text_alignment=\u00bbdefault\u00bb overlay_strength=\u00bb0.3&#8243; column_border_width=\u00bbnone\u00bb column_border_style=\u00bbsolid\u00bb bg_image_animation=\u00bbnone\u00bb][vc_column_text]\n<h2>\u00danete a Salvem sa Badia de Portmany<\/h2>\n<p>Contribuir\u00e1s a recuperar y evaluar el territorio y concienciar para protegerlo<\/p>\n<p><a href=\"https:\/\/www.salvemsabadia.com\/es\/socios\/\">Hazte socio<\/a>[\/vc_column_text][\/vc_column][\/vc_row]\n","protected":false},"excerpt":{"rendered":"<p>[vc_row type=\u00bbin_container\u00bb full_screen_row_position=\u00bbmiddle\u00bb column_margin=\u00bbdefault\u00bb scene_position=\u00bbcenter\u00bb text_color=\u00bbdark\u00bb text_align=\u00bbleft\u00bb overlay_strength=\u00bb0.3&#8243; shape_divider_position=\u00bbbottom\u00bb bg_image_animation=\u00bbnone\u00bb][vc_column column_padding=\u00bbno-extra-padding\u00bb column_padding_position=\u00bball\u00bb background_color_opacity=\u00bb1&#8243; background_hover_color_opacity=\u00bb1&#8243; column_link_target=\u00bb_self\u00bb column_shadow=\u00bbnone\u00bb column_border_radius=\u00bbnone\u00bb width=\u00bb1\/1&#8243; tablet_width_inherit=\u00bbdefault\u00bb tablet_text_alignment=\u00bbdefault\u00bb phone_text_alignment=\u00bbdefault\u00bb overlay_strength=\u00bb0.3&#8243; column_border_width=\u00bbnone\u00bb column_border_style=\u00bbsolid\u00bb bg_image_animation=\u00bbnone\u00bb][vc_custom_heading text=\u00bbProyectos\u00bb use_theme_fonts=\u00bbyes\u00bb el_class=\u00bbfontwhite\u00bb][vc_custom_heading text=\u00bbEstim sa&#8230;<\/p>\n","protected":false},"author":1,"featured_media":0,"parent":3944,"menu_order":0,"comment_status":"closed","ping_status":"closed","template":"","meta":{"give_campaign_id":0,"footnotes":""},"class_list":["post-4390","page","type-page","status-publish"],"yoast_head":"<!-- This site is optimized with the Yoast SEO plugin v26.8 - https:\/\/yoast.com\/product\/yoast-seo-wordpress\/ -->\n<title>Buceadores voluntarios - Salvem Sa Badia de Portmany<\/title>\n<meta name=\"robots\" content=\"index, follow, max-snippet:-1, max-image-preview:large, max-video-preview:-1\" \/>\n<link rel=\"canonical\" href=\"https:\/\/www.salvemsabadia.com\/projectes\/bussejadors-voluntaris\/\" \/>\n<meta property=\"og:locale\" content=\"es_ES\" \/>\n<meta property=\"og:type\" content=\"article\" \/>\n<meta property=\"og:title\" content=\"Buceadores voluntarios - Salvem Sa Badia de Portmany\" \/>\n<meta property=\"og:description\" content=\"[vc_row type=\u00bbin_container\u00bb full_screen_row_position=\u00bbmiddle\u00bb column_margin=\u00bbdefault\u00bb scene_position=\u00bbcenter\u00bb text_color=\u00bbdark\u00bb text_align=\u00bbleft\u00bb overlay_strength=\u00bb0.3&#8243; shape_divider_position=\u00bbbottom\u00bb bg_image_animation=\u00bbnone\u00bb][vc_column column_padding=\u00bbno-extra-padding\u00bb column_padding_position=\u00bball\u00bb background_color_opacity=\u00bb1&#8243; background_hover_color_opacity=\u00bb1&#8243; column_link_target=\u00bb_self\u00bb column_shadow=\u00bbnone\u00bb column_border_radius=\u00bbnone\u00bb width=\u00bb1\/1&#8243; tablet_width_inherit=\u00bbdefault\u00bb tablet_text_alignment=\u00bbdefault\u00bb phone_text_alignment=\u00bbdefault\u00bb overlay_strength=\u00bb0.3&#8243; column_border_width=\u00bbnone\u00bb column_border_style=\u00bbsolid\u00bb bg_image_animation=\u00bbnone\u00bb][vc_custom_heading text=\u00bbProyectos\u00bb use_theme_fonts=\u00bbyes\u00bb el_class=\u00bbfontwhite\u00bb][vc_custom_heading text=\u00bbEstim sa...\" \/>\n<meta property=\"og:url\" content=\"https:\/\/www.salvemsabadia.com\/projectes\/bussejadors-voluntaris\/\" \/>\n<meta property=\"og:site_name\" content=\"Salvem Sa Badia de Portmany\" \/>\n<meta name=\"twitter:card\" content=\"summary_large_image\" \/>\n<meta name=\"twitter:label1\" content=\"Tiempo de lectura\" \/>\n\t<meta name=\"twitter:data1\" content=\"6 minutos\" \/>\n<script type=\"application\/ld+json\" class=\"yoast-schema-graph\">{\"@context\":\"https:\/\/schema.org\",\"@graph\":[{\"@type\":\"WebPage\",\"@id\":\"https:\/\/www.salvemsabadia.com\/projectes\/bussejadors-voluntaris\/\",\"url\":\"https:\/\/www.salvemsabadia.com\/projectes\/bussejadors-voluntaris\/\",\"name\":\"Buceadores voluntarios - Salvem Sa Badia de Portmany\",\"isPartOf\":{\"@id\":\"https:\/\/www.salvemsabadia.com\/#website\"},\"datePublished\":\"2022-12-15T08:03:41+00:00\",\"breadcrumb\":{\"@id\":\"https:\/\/www.salvemsabadia.com\/projectes\/bussejadors-voluntaris\/#breadcrumb\"},\"inLanguage\":\"es\",\"potentialAction\":[{\"@type\":\"ReadAction\",\"target\":[\"https:\/\/www.salvemsabadia.com\/projectes\/bussejadors-voluntaris\/\"]}]},{\"@type\":\"BreadcrumbList\",\"@id\":\"https:\/\/www.salvemsabadia.com\/projectes\/bussejadors-voluntaris\/#breadcrumb\",\"itemListElement\":[{\"@type\":\"ListItem\",\"position\":1,\"name\":\"Portada\",\"item\":\"https:\/\/www.salvemsabadia.com\/es\/\"},{\"@type\":\"ListItem\",\"position\":2,\"name\":\"Proyectos\",\"item\":\"https:\/\/www.salvemsabadia.com\/projectes\/\"},{\"@type\":\"ListItem\",\"position\":3,\"name\":\"Buceadores voluntarios\"}]},{\"@type\":\"WebSite\",\"@id\":\"https:\/\/www.salvemsabadia.com\/#website\",\"url\":\"https:\/\/www.salvemsabadia.com\/\",\"name\":\"Salvem Sa Badia de Portmany\",\"description\":\"\",\"publisher\":{\"@id\":\"https:\/\/www.salvemsabadia.com\/#organization\"},\"potentialAction\":[{\"@type\":\"SearchAction\",\"target\":{\"@type\":\"EntryPoint\",\"urlTemplate\":\"https:\/\/www.salvemsabadia.com\/?s={search_term_string}\"},\"query-input\":{\"@type\":\"PropertyValueSpecification\",\"valueRequired\":true,\"valueName\":\"search_term_string\"}}],\"inLanguage\":\"es\"},{\"@type\":\"Organization\",\"@id\":\"https:\/\/www.salvemsabadia.com\/#organization\",\"name\":\"Salvem Sa Badia de Portmany\",\"url\":\"https:\/\/www.salvemsabadia.com\/\",\"logo\":{\"@type\":\"ImageObject\",\"inLanguage\":\"es\",\"@id\":\"https:\/\/www.salvemsabadia.com\/#\/schema\/logo\/image\/\",\"url\":\"https:\/\/www.salvemsabadia.com\/wp-content\/uploads\/2020\/03\/logo.png\",\"contentUrl\":\"https:\/\/www.salvemsabadia.com\/wp-content\/uploads\/2020\/03\/logo.png\",\"width\":188,\"height\":151,\"caption\":\"Salvem Sa Badia de Portmany\"},\"image\":{\"@id\":\"https:\/\/www.salvemsabadia.com\/#\/schema\/logo\/image\/\"}}]}<\/script>\n<!-- \/ Yoast SEO plugin. -->","yoast_head_json":{"title":"Buceadores voluntarios - Salvem Sa Badia de Portmany","robots":{"index":"index","follow":"follow","max-snippet":"max-snippet:-1","max-image-preview":"max-image-preview:large","max-video-preview":"max-video-preview:-1"},"canonical":"https:\/\/www.salvemsabadia.com\/projectes\/bussejadors-voluntaris\/","og_locale":"es_ES","og_type":"article","og_title":"Buceadores voluntarios - Salvem Sa Badia de Portmany","og_description":"[vc_row type=\u00bbin_container\u00bb full_screen_row_position=\u00bbmiddle\u00bb column_margin=\u00bbdefault\u00bb scene_position=\u00bbcenter\u00bb text_color=\u00bbdark\u00bb text_align=\u00bbleft\u00bb overlay_strength=\u00bb0.3&#8243; shape_divider_position=\u00bbbottom\u00bb bg_image_animation=\u00bbnone\u00bb][vc_column column_padding=\u00bbno-extra-padding\u00bb column_padding_position=\u00bball\u00bb background_color_opacity=\u00bb1&#8243; background_hover_color_opacity=\u00bb1&#8243; column_link_target=\u00bb_self\u00bb column_shadow=\u00bbnone\u00bb column_border_radius=\u00bbnone\u00bb width=\u00bb1\/1&#8243; tablet_width_inherit=\u00bbdefault\u00bb tablet_text_alignment=\u00bbdefault\u00bb phone_text_alignment=\u00bbdefault\u00bb overlay_strength=\u00bb0.3&#8243; column_border_width=\u00bbnone\u00bb column_border_style=\u00bbsolid\u00bb bg_image_animation=\u00bbnone\u00bb][vc_custom_heading text=\u00bbProyectos\u00bb use_theme_fonts=\u00bbyes\u00bb el_class=\u00bbfontwhite\u00bb][vc_custom_heading text=\u00bbEstim sa...","og_url":"https:\/\/www.salvemsabadia.com\/projectes\/bussejadors-voluntaris\/","og_site_name":"Salvem Sa Badia de Portmany","twitter_card":"summary_large_image","twitter_misc":{"Tiempo de lectura":"6 minutos"},"schema":{"@context":"https:\/\/schema.org","@graph":[{"@type":"WebPage","@id":"https:\/\/www.salvemsabadia.com\/projectes\/bussejadors-voluntaris\/","url":"https:\/\/www.salvemsabadia.com\/projectes\/bussejadors-voluntaris\/","name":"Buceadores voluntarios - Salvem Sa Badia de Portmany","isPartOf":{"@id":"https:\/\/www.salvemsabadia.com\/#website"},"datePublished":"2022-12-15T08:03:41+00:00","breadcrumb":{"@id":"https:\/\/www.salvemsabadia.com\/projectes\/bussejadors-voluntaris\/#breadcrumb"},"inLanguage":"es","potentialAction":[{"@type":"ReadAction","target":["https:\/\/www.salvemsabadia.com\/projectes\/bussejadors-voluntaris\/"]}]},{"@type":"BreadcrumbList","@id":"https:\/\/www.salvemsabadia.com\/projectes\/bussejadors-voluntaris\/#breadcrumb","itemListElement":[{"@type":"ListItem","position":1,"name":"Portada","item":"https:\/\/www.salvemsabadia.com\/es\/"},{"@type":"ListItem","position":2,"name":"Proyectos","item":"https:\/\/www.salvemsabadia.com\/projectes\/"},{"@type":"ListItem","position":3,"name":"Buceadores voluntarios"}]},{"@type":"WebSite","@id":"https:\/\/www.salvemsabadia.com\/#website","url":"https:\/\/www.salvemsabadia.com\/","name":"Salvem Sa Badia de Portmany","description":"","publisher":{"@id":"https:\/\/www.salvemsabadia.com\/#organization"},"potentialAction":[{"@type":"SearchAction","target":{"@type":"EntryPoint","urlTemplate":"https:\/\/www.salvemsabadia.com\/?s={search_term_string}"},"query-input":{"@type":"PropertyValueSpecification","valueRequired":true,"valueName":"search_term_string"}}],"inLanguage":"es"},{"@type":"Organization","@id":"https:\/\/www.salvemsabadia.com\/#organization","name":"Salvem Sa Badia de Portmany","url":"https:\/\/www.salvemsabadia.com\/","logo":{"@type":"ImageObject","inLanguage":"es","@id":"https:\/\/www.salvemsabadia.com\/#\/schema\/logo\/image\/","url":"https:\/\/www.salvemsabadia.com\/wp-content\/uploads\/2020\/03\/logo.png","contentUrl":"https:\/\/www.salvemsabadia.com\/wp-content\/uploads\/2020\/03\/logo.png","width":188,"height":151,"caption":"Salvem Sa Badia de Portmany"},"image":{"@id":"https:\/\/www.salvemsabadia.com\/#\/schema\/logo\/image\/"}}]}},"campaignId":"","_links":{"self":[{"href":"https:\/\/www.salvemsabadia.com\/es\/wp-json\/wp\/v2\/pages\/4390","targetHints":{"allow":["GET"]}}],"collection":[{"href":"https:\/\/www.salvemsabadia.com\/es\/wp-json\/wp\/v2\/pages"}],"about":[{"href":"https:\/\/www.salvemsabadia.com\/es\/wp-json\/wp\/v2\/types\/page"}],"author":[{"embeddable":true,"href":"https:\/\/www.salvemsabadia.com\/es\/wp-json\/wp\/v2\/users\/1"}],"replies":[{"embeddable":true,"href":"https:\/\/www.salvemsabadia.com\/es\/wp-json\/wp\/v2\/comments?post=4390"}],"version-history":[{"count":0,"href":"https:\/\/www.salvemsabadia.com\/es\/wp-json\/wp\/v2\/pages\/4390\/revisions"}],"up":[{"embeddable":true,"href":"https:\/\/www.salvemsabadia.com\/es\/wp-json\/wp\/v2\/pages\/3944"}],"wp:attachment":[{"href":"https:\/\/www.salvemsabadia.com\/es\/wp-json\/wp\/v2\/media?parent=4390"}],"curies":[{"name":"wp","href":"https:\/\/api.w.org\/{rel}","templated":true}]}}